{"id":1535,"date":"2024-06-22T12:38:31","date_gmt":"2024-06-22T11:38:31","guid":{"rendered":"https:\/\/feliciawatercolor.com\/aquarelle\/?post_type=product&#038;p=1535"},"modified":"2026-01-06T14:45:05","modified_gmt":"2026-01-06T13:45:05","slug":"tasse-et-pastel-de-nata","status":"publish","type":"product","link":"https:\/\/feliciawatercolor.com\/aquarelle\/produit\/tasse-et-pastel-de-nata\/","title":{"rendered":"Tuto &#8211; Tasse et Pastel de Nata"},"content":{"rendered":"<p>Aquarelle sur papier Arches 300g, 31&#215;41 cm. Peinture Winsor &amp; Newton extra fine.<\/p>\n<p>Vendu sans cadre.<\/p>\n<p>Vid\u00e9o du tutoriel disponible sur Youtube sur la cha\u00eene de Felicia Watercolor,<\/p>\n<p>\u00e0 reproduire, \u00e0 offrir ou \u00e0 admirer !<\/p>\n","protected":false},"excerpt":{"rendered":"<p>Aquarelle sur papier Arches. Sans le cadre.<\/p>\n","protected":false},"featured_media":1536,"comment_status":"open","ping_status":"closed","template":"","meta":[],"product_brand":[],"product_cat":[120],"product_tag":[],"class_list":{"0":"post-1535","1":"product","2":"type-product","3":"status-publish","4":"has-post-thumbnail","6":"product_cat-originaux","8":"first","9":"outofstock","10":"taxable","11":"shipping-taxable","12":"purchasable","13":"product-type-simple"},"exclude_global_add_ons":[],"addons":[],"yoast_head":"<!-- This site is optimized with the Yoast SEO plugin v27.4 - https:\/\/yoast.com\/product\/yoast-seo-wordpress\/ -->\n<title>Tuto - Tasse et Pastel de Nata - Felicia Watercolor<\/title>\n<meta name=\"robots\" content=\"index, follow, max-snippet:-1, max-image-preview:large, max-video-preview:-1\" \/>\n<link rel=\"canonical\" href=\"https:\/\/feliciawatercolor.com\/aquarelle\/produit\/tasse-et-pastel-de-nata\/\" \/>\n<meta property=\"og:locale\" content=\"fr_FR\" \/>\n<meta property=\"og:type\" content=\"article\" \/>\n<meta property=\"og:title\" content=\"Tuto - Tasse et Pastel de Nata - Felicia Watercolor\" \/>\n<meta property=\"og:description\" content=\"Aquarelle sur papier Arches. Sans le cadre.\" \/>\n<meta property=\"og:url\" content=\"https:\/\/feliciawatercolor.com\/aquarelle\/produit\/tasse-et-pastel-de-nata\/\" \/>\n<meta property=\"og:site_name\" content=\"Felicia Watercolor\" \/>\n<meta property=\"article:modified_time\" content=\"2026-01-06T13:45:05+00:00\" \/>\n<meta property=\"og:image\" content=\"https:\/\/feliciawatercolor.com\/aquarelle\/wp-content\/uploads\/2024\/06\/cafe-pastel.jpg\" \/>\n\t<meta property=\"og:image:width\" content=\"784\" \/>\n\t<meta property=\"og:image:height\" content=\"1024\" \/>\n\t<meta property=\"og:image:type\" content=\"image\/jpeg\" \/>\n<meta name=\"twitter:label1\" content=\"Dur\u00e9e de lecture estim\u00e9e\" \/>\n\t<meta name=\"twitter:data1\" content=\"1 minute\" \/>\n<script type=\"application\/ld+json\" class=\"yoast-schema-graph\">{\"@context\":\"https:\\\/\\\/schema.org\",\"@graph\":[{\"@type\":\"WebPage\",\"@id\":\"https:\\\/\\\/feliciawatercolor.com\\\/aquarelle\\\/produit\\\/tasse-et-pastel-de-nata\\\/\",\"url\":\"https:\\\/\\\/feliciawatercolor.com\\\/aquarelle\\\/produit\\\/tasse-et-pastel-de-nata\\\/\",\"name\":\"Tuto - Tasse et Pastel de Nata - Felicia Watercolor\",\"isPartOf\":{\"@id\":\"https:\\\/\\\/feliciawatercolor.com\\\/aquarelle\\\/#website\"},\"primaryImageOfPage\":{\"@id\":\"https:\\\/\\\/feliciawatercolor.com\\\/aquarelle\\\/produit\\\/tasse-et-pastel-de-nata\\\/#primaryimage\"},\"image\":{\"@id\":\"https:\\\/\\\/feliciawatercolor.com\\\/aquarelle\\\/produit\\\/tasse-et-pastel-de-nata\\\/#primaryimage\"},\"thumbnailUrl\":\"https:\\\/\\\/feliciawatercolor.com\\\/aquarelle\\\/wp-content\\\/uploads\\\/2024\\\/06\\\/cafe-pastel.jpg\",\"datePublished\":\"2024-06-22T11:38:31+00:00\",\"dateModified\":\"2026-01-06T13:45:05+00:00\",\"breadcrumb\":{\"@id\":\"https:\\\/\\\/feliciawatercolor.com\\\/aquarelle\\\/produit\\\/tasse-et-pastel-de-nata\\\/#breadcrumb\"},\"inLanguage\":\"fr-FR\",\"potentialAction\":[{\"@type\":\"ReadAction\",\"target\":[\"https:\\\/\\\/feliciawatercolor.com\\\/aquarelle\\\/produit\\\/tasse-et-pastel-de-nata\\\/\"]}]},{\"@type\":\"ImageObject\",\"inLanguage\":\"fr-FR\",\"@id\":\"https:\\\/\\\/feliciawatercolor.com\\\/aquarelle\\\/produit\\\/tasse-et-pastel-de-nata\\\/#primaryimage\",\"url\":\"https:\\\/\\\/feliciawatercolor.com\\\/aquarelle\\\/wp-content\\\/uploads\\\/2024\\\/06\\\/cafe-pastel.jpg\",\"contentUrl\":\"https:\\\/\\\/feliciawatercolor.com\\\/aquarelle\\\/wp-content\\\/uploads\\\/2024\\\/06\\\/cafe-pastel.jpg\",\"width\":784,\"height\":1024,\"caption\":\"Cafe Pastel\"},{\"@type\":\"BreadcrumbList\",\"@id\":\"https:\\\/\\\/feliciawatercolor.com\\\/aquarelle\\\/produit\\\/tasse-et-pastel-de-nata\\\/#breadcrumb\",\"itemListElement\":[{\"@type\":\"ListItem\",\"position\":1,\"name\":\"Accueil\",\"item\":\"https:\\\/\\\/feliciawatercolor.com\\\/aquarelle\\\/\"},{\"@type\":\"ListItem\",\"position\":2,\"name\":\"Boutique\",\"item\":\"https:\\\/\\\/feliciawatercolor.com\\\/aquarelle\\\/boutique\\\/\"},{\"@type\":\"ListItem\",\"position\":3,\"name\":\"Tuto &#8211; Tasse et Pastel de Nata\"}]},{\"@type\":\"WebSite\",\"@id\":\"https:\\\/\\\/feliciawatercolor.com\\\/aquarelle\\\/#website\",\"url\":\"https:\\\/\\\/feliciawatercolor.com\\\/aquarelle\\\/\",\"name\":\"Felicia Watercolor\",\"description\":\"L&#039;art, version sensible.\",\"publisher\":{\"@id\":\"https:\\\/\\\/feliciawatercolor.com\\\/aquarelle\\\/#organization\"},\"potentialAction\":[{\"@type\":\"SearchAction\",\"target\":{\"@type\":\"EntryPoint\",\"urlTemplate\":\"https:\\\/\\\/feliciawatercolor.com\\\/aquarelle\\\/?s={search_term_string}\"},\"query-input\":{\"@type\":\"PropertyValueSpecification\",\"valueRequired\":true,\"valueName\":\"search_term_string\"}}],\"inLanguage\":\"fr-FR\"},{\"@type\":\"Organization\",\"@id\":\"https:\\\/\\\/feliciawatercolor.com\\\/aquarelle\\\/#organization\",\"name\":\"Felicia Watercolor\",\"url\":\"https:\\\/\\\/feliciawatercolor.com\\\/aquarelle\\\/\",\"logo\":{\"@type\":\"ImageObject\",\"inLanguage\":\"fr-FR\",\"@id\":\"https:\\\/\\\/feliciawatercolor.com\\\/aquarelle\\\/#\\\/schema\\\/logo\\\/image\\\/\",\"url\":\"https:\\\/\\\/feliciawatercolor.com\\\/aquarelle\\\/wp-content\\\/uploads\\\/2023\\\/05\\\/01-Mina-First_thumb.jpg\",\"contentUrl\":\"https:\\\/\\\/feliciawatercolor.com\\\/aquarelle\\\/wp-content\\\/uploads\\\/2023\\\/05\\\/01-Mina-First_thumb.jpg\",\"width\":153,\"height\":200,\"caption\":\"Felicia Watercolor\"},\"image\":{\"@id\":\"https:\\\/\\\/feliciawatercolor.com\\\/aquarelle\\\/#\\\/schema\\\/logo\\\/image\\\/\"},\"sameAs\":[\"https:\\\/\\\/x.com\\\/fwatercolor\",\"https:\\\/\\\/www.instagram.com\\\/felicia.watercolor\",\"https:\\\/\\\/www.pinterest.fr\\\/feelicial\\\/\",\"https:\\\/\\\/www.youtube.com\\\/c\\\/FeliciaWatercolor\"]}]}<\/script>\n<!-- \/ Yoast SEO plugin. -->","yoast_head_json":{"title":"Tuto - Tasse et Pastel de Nata - Felicia Watercolor","robots":{"index":"index","follow":"follow","max-snippet":"max-snippet:-1","max-image-preview":"max-image-preview:large","max-video-preview":"max-video-preview:-1"},"canonical":"https:\/\/feliciawatercolor.com\/aquarelle\/produit\/tasse-et-pastel-de-nata\/","og_locale":"fr_FR","og_type":"article","og_title":"Tuto - Tasse et Pastel de Nata - Felicia Watercolor","og_description":"Aquarelle sur papier Arches. Sans le cadre.","og_url":"https:\/\/feliciawatercolor.com\/aquarelle\/produit\/tasse-et-pastel-de-nata\/","og_site_name":"Felicia Watercolor","article_modified_time":"2026-01-06T13:45:05+00:00","og_image":[{"width":784,"height":1024,"url":"https:\/\/feliciawatercolor.com\/aquarelle\/wp-content\/uploads\/2024\/06\/cafe-pastel.jpg","type":"image\/jpeg"}],"twitter_misc":{"Dur\u00e9e de lecture estim\u00e9e":"1 minute"},"schema":{"@context":"https:\/\/schema.org","@graph":[{"@type":"WebPage","@id":"https:\/\/feliciawatercolor.com\/aquarelle\/produit\/tasse-et-pastel-de-nata\/","url":"https:\/\/feliciawatercolor.com\/aquarelle\/produit\/tasse-et-pastel-de-nata\/","name":"Tuto - Tasse et Pastel de Nata - Felicia Watercolor","isPartOf":{"@id":"https:\/\/feliciawatercolor.com\/aquarelle\/#website"},"primaryImageOfPage":{"@id":"https:\/\/feliciawatercolor.com\/aquarelle\/produit\/tasse-et-pastel-de-nata\/#primaryimage"},"image":{"@id":"https:\/\/feliciawatercolor.com\/aquarelle\/produit\/tasse-et-pastel-de-nata\/#primaryimage"},"thumbnailUrl":"https:\/\/feliciawatercolor.com\/aquarelle\/wp-content\/uploads\/2024\/06\/cafe-pastel.jpg","datePublished":"2024-06-22T11:38:31+00:00","dateModified":"2026-01-06T13:45:05+00:00","breadcrumb":{"@id":"https:\/\/feliciawatercolor.com\/aquarelle\/produit\/tasse-et-pastel-de-nata\/#breadcrumb"},"inLanguage":"fr-FR","potentialAction":[{"@type":"ReadAction","target":["https:\/\/feliciawatercolor.com\/aquarelle\/produit\/tasse-et-pastel-de-nata\/"]}]},{"@type":"ImageObject","inLanguage":"fr-FR","@id":"https:\/\/feliciawatercolor.com\/aquarelle\/produit\/tasse-et-pastel-de-nata\/#primaryimage","url":"https:\/\/feliciawatercolor.com\/aquarelle\/wp-content\/uploads\/2024\/06\/cafe-pastel.jpg","contentUrl":"https:\/\/feliciawatercolor.com\/aquarelle\/wp-content\/uploads\/2024\/06\/cafe-pastel.jpg","width":784,"height":1024,"caption":"Cafe Pastel"},{"@type":"BreadcrumbList","@id":"https:\/\/feliciawatercolor.com\/aquarelle\/produit\/tasse-et-pastel-de-nata\/#breadcrumb","itemListElement":[{"@type":"ListItem","position":1,"name":"Accueil","item":"https:\/\/feliciawatercolor.com\/aquarelle\/"},{"@type":"ListItem","position":2,"name":"Boutique","item":"https:\/\/feliciawatercolor.com\/aquarelle\/boutique\/"},{"@type":"ListItem","position":3,"name":"Tuto &#8211; Tasse et Pastel de Nata"}]},{"@type":"WebSite","@id":"https:\/\/feliciawatercolor.com\/aquarelle\/#website","url":"https:\/\/feliciawatercolor.com\/aquarelle\/","name":"Felicia Watercolor","description":"L&#039;art, version sensible.","publisher":{"@id":"https:\/\/feliciawatercolor.com\/aquarelle\/#organization"},"potentialAction":[{"@type":"SearchAction","target":{"@type":"EntryPoint","urlTemplate":"https:\/\/feliciawatercolor.com\/aquarelle\/?s={search_term_string}"},"query-input":{"@type":"PropertyValueSpecification","valueRequired":true,"valueName":"search_term_string"}}],"inLanguage":"fr-FR"},{"@type":"Organization","@id":"https:\/\/feliciawatercolor.com\/aquarelle\/#organization","name":"Felicia Watercolor","url":"https:\/\/feliciawatercolor.com\/aquarelle\/","logo":{"@type":"ImageObject","inLanguage":"fr-FR","@id":"https:\/\/feliciawatercolor.com\/aquarelle\/#\/schema\/logo\/image\/","url":"https:\/\/feliciawatercolor.com\/aquarelle\/wp-content\/uploads\/2023\/05\/01-Mina-First_thumb.jpg","contentUrl":"https:\/\/feliciawatercolor.com\/aquarelle\/wp-content\/uploads\/2023\/05\/01-Mina-First_thumb.jpg","width":153,"height":200,"caption":"Felicia Watercolor"},"image":{"@id":"https:\/\/feliciawatercolor.com\/aquarelle\/#\/schema\/logo\/image\/"},"sameAs":["https:\/\/x.com\/fwatercolor","https:\/\/www.instagram.com\/felicia.watercolor","https:\/\/www.pinterest.fr\/feelicial\/","https:\/\/www.youtube.com\/c\/FeliciaWatercolor"]}]}},"acf":[],"_links":{"self":[{"href":"https:\/\/feliciawatercolor.com\/aquarelle\/wp-json\/wp\/v2\/product\/1535","targetHints":{"allow":["GET"]}}],"collection":[{"href":"https:\/\/feliciawatercolor.com\/aquarelle\/wp-json\/wp\/v2\/product"}],"about":[{"href":"https:\/\/feliciawatercolor.com\/aquarelle\/wp-json\/wp\/v2\/types\/product"}],"replies":[{"embeddable":true,"href":"https:\/\/feliciawatercolor.com\/aquarelle\/wp-json\/wp\/v2\/comments?post=1535"}],"wp:featuredmedia":[{"embeddable":true,"href":"https:\/\/feliciawatercolor.com\/aquarelle\/wp-json\/wp\/v2\/media\/1536"}],"wp:attachment":[{"href":"https:\/\/feliciawatercolor.com\/aquarelle\/wp-json\/wp\/v2\/media?parent=1535"}],"wp:term":[{"taxonomy":"product_brand","embeddable":true,"href":"https:\/\/feliciawatercolor.com\/aquarelle\/wp-json\/wp\/v2\/product_brand?post=1535"},{"taxonomy":"product_cat","embeddable":true,"href":"https:\/\/feliciawatercolor.com\/aquarelle\/wp-json\/wp\/v2\/product_cat?post=1535"},{"taxonomy":"product_tag","embeddable":true,"href":"https:\/\/feliciawatercolor.com\/aquarelle\/wp-json\/wp\/v2\/product_tag?post=1535"}],"curies":[{"name":"wp","href":"https:\/\/api.w.org\/{rel}","templated":true}]}}