{"id":1852,"date":"2024-07-20T21:33:26","date_gmt":"2024-07-20T20:33:26","guid":{"rendered":"https:\/\/feliciawatercolor.com\/aquarelle\/?post_type=product&#038;p=1852"},"modified":"2025-04-08T18:10:28","modified_gmt":"2025-04-08T17:10:28","slug":"pack-2-cours-laquarelle-samuse-laquarelle-voyage","status":"publish","type":"product","link":"https:\/\/feliciawatercolor.com\/aquarelle\/produit\/pack-2-cours-laquarelle-samuse-laquarelle-voyage\/","title":{"rendered":"Pack 2 cours : l&#8217;aquarelle s&#8217;amuse + l&#8217;aquarelle voyage"},"content":{"rendered":"<p>Ces deux cours sont l&#8217;\u00e9quivalent d&#8217;une ann\u00e9e de la cha\u00eene Youtube Felicia Watercolor.<\/p>\n<p>Ils te permettrons d&#8217;aborder tous les concepts n\u00e9cessaires \u00e0 la pratique et de te faire passer du niveau d\u00e9butant \u00e0 un niveau avanc\u00e9 sans t&#8217;ennuyer.<\/p>\n<p>Le groupe facebook, facultatif, qui permet de partager nos essais, questionnements et r\u00e9sultats et de se soutenir entre \u00e9l\u00e8ves est le m\u00eame pour les deux, favorisant une interaction au b\u00e9n\u00e9fice de tous et toujours dans la bonne humeur.<\/p>\n<p>Lance toi \u00e7a fait du bien &lt;3<\/p>\n<p>&nbsp;<\/p>\n","protected":false},"excerpt":{"rendered":"<p>Deux cours de F\u00e9licia d&#8217;un coup \u00e0 prix tr\u00e8s avantageux !<\/p>\n<p>L&#8217;aquarelle s&#8217;amuse pour APPRENDRE l&#8217;aquarelle et retrouver toutes ses bases au m\u00eame endroit. Le parfait compl\u00e9ment illustr\u00e9 en pas \u00e0 pas du livre Petit Pr\u00e9cis d&#8217;Aquarelle finalement !<\/p>\n<p>L&#8217;aquarelle voyage pour PROGRESSER en confiance et s&#8217;autoriser \u00e0 peindre avec la libert\u00e9 d&#8217;un.e explorateur\/trice ! Les le\u00e7ons cl\u00e9s d\u00e9cisives pour ouvrir la porte de TON aventure !<\/p>\n<p>Une p\u00e9dagogie pens\u00e9e pour ne pas \u00eatre r\u00e9p\u00e9titive mais riche, une voix sympa, c&#8217;est parti !<\/p>\n","protected":false},"featured_media":1853,"comment_status":"open","ping_status":"closed","template":"","meta":[],"product_brand":[],"product_cat":[116],"product_tag":[],"class_list":{"0":"post-1852","1":"product","2":"type-product","3":"status-publish","4":"has-post-thumbnail","6":"product_cat-cours","8":"first","9":"instock","10":"sale","11":"virtual","12":"taxable","13":"purchasable","14":"product-type-simple"},"exclude_global_add_ons":[],"addons":[],"yoast_head":"<!-- This site is optimized with the Yoast SEO plugin v27.5 - https:\/\/yoast.com\/product\/yoast-seo-wordpress\/ -->\n<title>Pack 2 cours : l&#039;aquarelle s&#039;amuse + l&#039;aquarelle voyage - Felicia Watercolor<\/title>\n<meta name=\"robots\" content=\"index, follow, max-snippet:-1, max-image-preview:large, max-video-preview:-1\" \/>\n<link rel=\"canonical\" href=\"https:\/\/feliciawatercolor.com\/aquarelle\/produit\/pack-2-cours-laquarelle-samuse-laquarelle-voyage\/\" \/>\n<meta property=\"og:locale\" content=\"fr_FR\" \/>\n<meta property=\"og:type\" content=\"article\" \/>\n<meta property=\"og:title\" content=\"Pack 2 cours : l&#039;aquarelle s&#039;amuse + l&#039;aquarelle voyage - Felicia Watercolor\" \/>\n<meta property=\"og:description\" content=\"Deux cours de F\u00e9licia d&#039;un coup \u00e0 prix tr\u00e8s avantageux !  L&#039;aquarelle s&#039;amuse pour APPRENDRE l&#039;aquarelle et retrouver toutes ses bases au m\u00eame endroit. Le parfait compl\u00e9ment illustr\u00e9 en pas \u00e0 pas du livre Petit Pr\u00e9cis d&#039;Aquarelle finalement !  L&#039;aquarelle voyage pour PROGRESSER en confiance et s&#039;autoriser \u00e0 peindre avec la libert\u00e9 d&#039;un.e explorateur\/trice ! Les le\u00e7ons cl\u00e9s d\u00e9cisives pour ouvrir la porte de TON aventure !  Une p\u00e9dagogie pens\u00e9e pour ne pas \u00eatre r\u00e9p\u00e9titive mais riche, une voix sympa, c&#039;est parti !\" \/>\n<meta property=\"og:url\" content=\"https:\/\/feliciawatercolor.com\/aquarelle\/produit\/pack-2-cours-laquarelle-samuse-laquarelle-voyage\/\" \/>\n<meta property=\"og:site_name\" content=\"Felicia Watercolor\" \/>\n<meta property=\"article:modified_time\" content=\"2025-04-08T17:10:28+00:00\" \/>\n<meta property=\"og:image\" content=\"https:\/\/feliciawatercolor.com\/aquarelle\/wp-content\/uploads\/2024\/07\/pack-bases-carnets.jpg\" \/>\n\t<meta property=\"og:image:width\" content=\"1600\" \/>\n\t<meta property=\"og:image:height\" content=\"1204\" \/>\n\t<meta property=\"og:image:type\" content=\"image\/jpeg\" \/>\n<meta name=\"twitter:label1\" content=\"Dur\u00e9e de lecture estim\u00e9e\" \/>\n\t<meta name=\"twitter:data1\" content=\"1 minute\" \/>\n<script type=\"application\/ld+json\" class=\"yoast-schema-graph\">{\"@context\":\"https:\\\/\\\/schema.org\",\"@graph\":[{\"@type\":\"WebPage\",\"@id\":\"https:\\\/\\\/feliciawatercolor.com\\\/aquarelle\\\/produit\\\/pack-2-cours-laquarelle-samuse-laquarelle-voyage\\\/\",\"url\":\"https:\\\/\\\/feliciawatercolor.com\\\/aquarelle\\\/produit\\\/pack-2-cours-laquarelle-samuse-laquarelle-voyage\\\/\",\"name\":\"Pack 2 cours : l'aquarelle s'amuse + l'aquarelle voyage - Felicia Watercolor\",\"isPartOf\":{\"@id\":\"https:\\\/\\\/feliciawatercolor.com\\\/aquarelle\\\/#website\"},\"primaryImageOfPage\":{\"@id\":\"https:\\\/\\\/feliciawatercolor.com\\\/aquarelle\\\/produit\\\/pack-2-cours-laquarelle-samuse-laquarelle-voyage\\\/#primaryimage\"},\"image\":{\"@id\":\"https:\\\/\\\/feliciawatercolor.com\\\/aquarelle\\\/produit\\\/pack-2-cours-laquarelle-samuse-laquarelle-voyage\\\/#primaryimage\"},\"thumbnailUrl\":\"https:\\\/\\\/feliciawatercolor.com\\\/aquarelle\\\/wp-content\\\/uploads\\\/2024\\\/07\\\/pack-bases-carnets.jpg\",\"datePublished\":\"2024-07-20T20:33:26+00:00\",\"dateModified\":\"2025-04-08T17:10:28+00:00\",\"breadcrumb\":{\"@id\":\"https:\\\/\\\/feliciawatercolor.com\\\/aquarelle\\\/produit\\\/pack-2-cours-laquarelle-samuse-laquarelle-voyage\\\/#breadcrumb\"},\"inLanguage\":\"fr-FR\",\"potentialAction\":[{\"@type\":\"ReadAction\",\"target\":[\"https:\\\/\\\/feliciawatercolor.com\\\/aquarelle\\\/produit\\\/pack-2-cours-laquarelle-samuse-laquarelle-voyage\\\/\"]}]},{\"@type\":\"ImageObject\",\"inLanguage\":\"fr-FR\",\"@id\":\"https:\\\/\\\/feliciawatercolor.com\\\/aquarelle\\\/produit\\\/pack-2-cours-laquarelle-samuse-laquarelle-voyage\\\/#primaryimage\",\"url\":\"https:\\\/\\\/feliciawatercolor.com\\\/aquarelle\\\/wp-content\\\/uploads\\\/2024\\\/07\\\/pack-bases-carnets.jpg\",\"contentUrl\":\"https:\\\/\\\/feliciawatercolor.com\\\/aquarelle\\\/wp-content\\\/uploads\\\/2024\\\/07\\\/pack-bases-carnets.jpg\",\"width\":1600,\"height\":1204,\"caption\":\"Pack 2 cours - L'aquarelle s'amuse + L'aquarelle voyage\"},{\"@type\":\"BreadcrumbList\",\"@id\":\"https:\\\/\\\/feliciawatercolor.com\\\/aquarelle\\\/produit\\\/pack-2-cours-laquarelle-samuse-laquarelle-voyage\\\/#breadcrumb\",\"itemListElement\":[{\"@type\":\"ListItem\",\"position\":1,\"name\":\"Accueil\",\"item\":\"https:\\\/\\\/feliciawatercolor.com\\\/aquarelle\\\/\"},{\"@type\":\"ListItem\",\"position\":2,\"name\":\"Boutique\",\"item\":\"https:\\\/\\\/feliciawatercolor.com\\\/aquarelle\\\/boutique\\\/\"},{\"@type\":\"ListItem\",\"position\":3,\"name\":\"Pack 2 cours : l&#8217;aquarelle s&#8217;amuse + l&#8217;aquarelle voyage\"}]},{\"@type\":\"WebSite\",\"@id\":\"https:\\\/\\\/feliciawatercolor.com\\\/aquarelle\\\/#website\",\"url\":\"https:\\\/\\\/feliciawatercolor.com\\\/aquarelle\\\/\",\"name\":\"Felicia Watercolor\",\"description\":\"L&#039;art, version sensible.\",\"publisher\":{\"@id\":\"https:\\\/\\\/feliciawatercolor.com\\\/aquarelle\\\/#organization\"},\"potentialAction\":[{\"@type\":\"SearchAction\",\"target\":{\"@type\":\"EntryPoint\",\"urlTemplate\":\"https:\\\/\\\/feliciawatercolor.com\\\/aquarelle\\\/?s={search_term_string}\"},\"query-input\":{\"@type\":\"PropertyValueSpecification\",\"valueRequired\":true,\"valueName\":\"search_term_string\"}}],\"inLanguage\":\"fr-FR\"},{\"@type\":\"Organization\",\"@id\":\"https:\\\/\\\/feliciawatercolor.com\\\/aquarelle\\\/#organization\",\"name\":\"Felicia Watercolor\",\"url\":\"https:\\\/\\\/feliciawatercolor.com\\\/aquarelle\\\/\",\"logo\":{\"@type\":\"ImageObject\",\"inLanguage\":\"fr-FR\",\"@id\":\"https:\\\/\\\/feliciawatercolor.com\\\/aquarelle\\\/#\\\/schema\\\/logo\\\/image\\\/\",\"url\":\"https:\\\/\\\/feliciawatercolor.com\\\/aquarelle\\\/wp-content\\\/uploads\\\/2023\\\/05\\\/01-Mina-First_thumb.jpg\",\"contentUrl\":\"https:\\\/\\\/feliciawatercolor.com\\\/aquarelle\\\/wp-content\\\/uploads\\\/2023\\\/05\\\/01-Mina-First_thumb.jpg\",\"width\":153,\"height\":200,\"caption\":\"Felicia Watercolor\"},\"image\":{\"@id\":\"https:\\\/\\\/feliciawatercolor.com\\\/aquarelle\\\/#\\\/schema\\\/logo\\\/image\\\/\"},\"sameAs\":[\"https:\\\/\\\/x.com\\\/fwatercolor\",\"https:\\\/\\\/www.instagram.com\\\/felicia.watercolor\",\"https:\\\/\\\/www.pinterest.fr\\\/feelicial\\\/\",\"https:\\\/\\\/www.youtube.com\\\/c\\\/FeliciaWatercolor\"]}]}<\/script>\n<!-- \/ Yoast SEO plugin. -->","yoast_head_json":{"title":"Pack 2 cours : l'aquarelle s'amuse + l'aquarelle voyage - Felicia Watercolor","robots":{"index":"index","follow":"follow","max-snippet":"max-snippet:-1","max-image-preview":"max-image-preview:large","max-video-preview":"max-video-preview:-1"},"canonical":"https:\/\/feliciawatercolor.com\/aquarelle\/produit\/pack-2-cours-laquarelle-samuse-laquarelle-voyage\/","og_locale":"fr_FR","og_type":"article","og_title":"Pack 2 cours : l'aquarelle s'amuse + l'aquarelle voyage - Felicia Watercolor","og_description":"Deux cours de F\u00e9licia d'un coup \u00e0 prix tr\u00e8s avantageux !  L'aquarelle s'amuse pour APPRENDRE l'aquarelle et retrouver toutes ses bases au m\u00eame endroit. Le parfait compl\u00e9ment illustr\u00e9 en pas \u00e0 pas du livre Petit Pr\u00e9cis d'Aquarelle finalement !  L'aquarelle voyage pour PROGRESSER en confiance et s'autoriser \u00e0 peindre avec la libert\u00e9 d'un.e explorateur\/trice ! Les le\u00e7ons cl\u00e9s d\u00e9cisives pour ouvrir la porte de TON aventure !  Une p\u00e9dagogie pens\u00e9e pour ne pas \u00eatre r\u00e9p\u00e9titive mais riche, une voix sympa, c'est parti !","og_url":"https:\/\/feliciawatercolor.com\/aquarelle\/produit\/pack-2-cours-laquarelle-samuse-laquarelle-voyage\/","og_site_name":"Felicia Watercolor","article_modified_time":"2025-04-08T17:10:28+00:00","og_image":[{"width":1600,"height":1204,"url":"https:\/\/feliciawatercolor.com\/aquarelle\/wp-content\/uploads\/2024\/07\/pack-bases-carnets.jpg","type":"image\/jpeg"}],"twitter_misc":{"Dur\u00e9e de lecture estim\u00e9e":"1 minute"},"schema":{"@context":"https:\/\/schema.org","@graph":[{"@type":"WebPage","@id":"https:\/\/feliciawatercolor.com\/aquarelle\/produit\/pack-2-cours-laquarelle-samuse-laquarelle-voyage\/","url":"https:\/\/feliciawatercolor.com\/aquarelle\/produit\/pack-2-cours-laquarelle-samuse-laquarelle-voyage\/","name":"Pack 2 cours : l'aquarelle s'amuse + l'aquarelle voyage - Felicia Watercolor","isPartOf":{"@id":"https:\/\/feliciawatercolor.com\/aquarelle\/#website"},"primaryImageOfPage":{"@id":"https:\/\/feliciawatercolor.com\/aquarelle\/produit\/pack-2-cours-laquarelle-samuse-laquarelle-voyage\/#primaryimage"},"image":{"@id":"https:\/\/feliciawatercolor.com\/aquarelle\/produit\/pack-2-cours-laquarelle-samuse-laquarelle-voyage\/#primaryimage"},"thumbnailUrl":"https:\/\/feliciawatercolor.com\/aquarelle\/wp-content\/uploads\/2024\/07\/pack-bases-carnets.jpg","datePublished":"2024-07-20T20:33:26+00:00","dateModified":"2025-04-08T17:10:28+00:00","breadcrumb":{"@id":"https:\/\/feliciawatercolor.com\/aquarelle\/produit\/pack-2-cours-laquarelle-samuse-laquarelle-voyage\/#breadcrumb"},"inLanguage":"fr-FR","potentialAction":[{"@type":"ReadAction","target":["https:\/\/feliciawatercolor.com\/aquarelle\/produit\/pack-2-cours-laquarelle-samuse-laquarelle-voyage\/"]}]},{"@type":"ImageObject","inLanguage":"fr-FR","@id":"https:\/\/feliciawatercolor.com\/aquarelle\/produit\/pack-2-cours-laquarelle-samuse-laquarelle-voyage\/#primaryimage","url":"https:\/\/feliciawatercolor.com\/aquarelle\/wp-content\/uploads\/2024\/07\/pack-bases-carnets.jpg","contentUrl":"https:\/\/feliciawatercolor.com\/aquarelle\/wp-content\/uploads\/2024\/07\/pack-bases-carnets.jpg","width":1600,"height":1204,"caption":"Pack 2 cours - L'aquarelle s'amuse + L'aquarelle voyage"},{"@type":"BreadcrumbList","@id":"https:\/\/feliciawatercolor.com\/aquarelle\/produit\/pack-2-cours-laquarelle-samuse-laquarelle-voyage\/#breadcrumb","itemListElement":[{"@type":"ListItem","position":1,"name":"Accueil","item":"https:\/\/feliciawatercolor.com\/aquarelle\/"},{"@type":"ListItem","position":2,"name":"Boutique","item":"https:\/\/feliciawatercolor.com\/aquarelle\/boutique\/"},{"@type":"ListItem","position":3,"name":"Pack 2 cours : l&#8217;aquarelle s&#8217;amuse + l&#8217;aquarelle voyage"}]},{"@type":"WebSite","@id":"https:\/\/feliciawatercolor.com\/aquarelle\/#website","url":"https:\/\/feliciawatercolor.com\/aquarelle\/","name":"Felicia Watercolor","description":"L&#039;art, version sensible.","publisher":{"@id":"https:\/\/feliciawatercolor.com\/aquarelle\/#organization"},"potentialAction":[{"@type":"SearchAction","target":{"@type":"EntryPoint","urlTemplate":"https:\/\/feliciawatercolor.com\/aquarelle\/?s={search_term_string}"},"query-input":{"@type":"PropertyValueSpecification","valueRequired":true,"valueName":"search_term_string"}}],"inLanguage":"fr-FR"},{"@type":"Organization","@id":"https:\/\/feliciawatercolor.com\/aquarelle\/#organization","name":"Felicia Watercolor","url":"https:\/\/feliciawatercolor.com\/aquarelle\/","logo":{"@type":"ImageObject","inLanguage":"fr-FR","@id":"https:\/\/feliciawatercolor.com\/aquarelle\/#\/schema\/logo\/image\/","url":"https:\/\/feliciawatercolor.com\/aquarelle\/wp-content\/uploads\/2023\/05\/01-Mina-First_thumb.jpg","contentUrl":"https:\/\/feliciawatercolor.com\/aquarelle\/wp-content\/uploads\/2023\/05\/01-Mina-First_thumb.jpg","width":153,"height":200,"caption":"Felicia Watercolor"},"image":{"@id":"https:\/\/feliciawatercolor.com\/aquarelle\/#\/schema\/logo\/image\/"},"sameAs":["https:\/\/x.com\/fwatercolor","https:\/\/www.instagram.com\/felicia.watercolor","https:\/\/www.pinterest.fr\/feelicial\/","https:\/\/www.youtube.com\/c\/FeliciaWatercolor"]}]}},"acf":[],"_links":{"self":[{"href":"https:\/\/feliciawatercolor.com\/aquarelle\/wp-json\/wp\/v2\/product\/1852","targetHints":{"allow":["GET"]}}],"collection":[{"href":"https:\/\/feliciawatercolor.com\/aquarelle\/wp-json\/wp\/v2\/product"}],"about":[{"href":"https:\/\/feliciawatercolor.com\/aquarelle\/wp-json\/wp\/v2\/types\/product"}],"replies":[{"embeddable":true,"href":"https:\/\/feliciawatercolor.com\/aquarelle\/wp-json\/wp\/v2\/comments?post=1852"}],"wp:featuredmedia":[{"embeddable":true,"href":"https:\/\/feliciawatercolor.com\/aquarelle\/wp-json\/wp\/v2\/media\/1853"}],"wp:attachment":[{"href":"https:\/\/feliciawatercolor.com\/aquarelle\/wp-json\/wp\/v2\/media?parent=1852"}],"wp:term":[{"taxonomy":"product_brand","embeddable":true,"href":"https:\/\/feliciawatercolor.com\/aquarelle\/wp-json\/wp\/v2\/product_brand?post=1852"},{"taxonomy":"product_cat","embeddable":true,"href":"https:\/\/feliciawatercolor.com\/aquarelle\/wp-json\/wp\/v2\/product_cat?post=1852"},{"taxonomy":"product_tag","embeddable":true,"href":"https:\/\/feliciawatercolor.com\/aquarelle\/wp-json\/wp\/v2\/product_tag?post=1852"}],"curies":[{"name":"wp","href":"https:\/\/api.w.org\/{rel}","templated":true}]}}