{"id":2050,"date":"2024-12-19T22:59:02","date_gmt":"2024-12-19T21:59:02","guid":{"rendered":"https:\/\/feliciawatercolor.com\/aquarelle\/?post_type=product&#038;p=2050"},"modified":"2026-02-27T10:25:22","modified_gmt":"2026-02-27T09:25:22","slug":"pack-2-cours-laquarelle-samuse-laquarelle-portrait","status":"publish","type":"product","link":"https:\/\/feliciawatercolor.com\/aquarelle\/produit\/pack-2-cours-laquarelle-samuse-laquarelle-portrait\/","title":{"rendered":"Pack 2 cours : l&#8217;aquarelle s&#8217;amuse + l&#8217;aquarelle portrait"},"content":{"rendered":"<p>Ces deux cours t&#8217;offrent de quoi apprendre et pratiquer l&#8217;aquarelle pendant plus d&#8217;un an, \u00e0 raison de 2h par semaine.<\/p>\n<p>Ta prof, Felicia Watercolor, l&#8217;auteur du <a href=\"https:\/\/feliciawatercolor.com\/aquarelle\/produit\/petit-precis-daquarelle\/\">Petit Pr\u00e9cis d&#8217;Aquarelle<\/a> (\u00e9d Mango), a soigneusement r\u00e9alis\u00e9 le programme pour que tes progr\u00e8s soient visibles de semaine en semaine.<\/p>\n<p>Tu as donc avec toi une sp\u00e9cialiste du portrait, qui peint depuis 20 ans, pour t&#8217;enseigner \u00e0 la fois les bases de l&#8217;aquarelle mais aussi t&#8217;initier \u00e0 l&#8217;art du portrait en toute simplicit\u00e9.<\/p>\n<p>L&#8217;aquarelle s&#8217;amuse pour \u00eatre s\u00fbr d&#8217;assimiler toutes les notions d&#8217;aquarelle indispensables et l&#8217;aquarelle portrait pour t&#8217;inspirer et produire des \u0153uvres in\u00e9dites que tu as envie de partager, que demander de mieux ?<\/p>\n<p>Le groupe Facebook, facultatif, qui permet de partager nos essais, questionnements et r\u00e9sultats et de se soutenir entre \u00e9l\u00e8ves est le m\u00eame pour tous les cours, favorisant une interaction au b\u00e9n\u00e9fice de tous et toujours dans la bonne humeur.<\/p>\n<p>Lance toi \u00e7a fait du bien &lt;3<\/p>\n<p>&nbsp;<\/p>\n","protected":false},"excerpt":{"rendered":"<p><strong>Deux cours sign\u00e9s F\u00e9licia pour faire un bond \u00e0 l\u2019aquarelle, \u00e0 prix tr\u00e8s avantageux !<\/strong><\/p>\n<p><strong>L&#8217;aquarelle s&#8217;amuse<\/strong> : pour APPRENDRE les bases de l\u2019aquarelle et tout retrouver au m\u00eame endroit. Le compagnon parfait et illustr\u00e9 en pas \u00e0 pas pour compl\u00e9ter ton <em>Petit Pr\u00e9cis d\u2019Aquarelle<\/em> !<\/p>\n<p><strong>L&#8217;aquarelle portrait<\/strong> : pour TE R\u00c9V\u00c9LER et exprimer tes talents cach\u00e9s \u00e0 travers des portraits inspir\u00e9s des grands ma\u00eetres. Chaque chapitre t\u2019aide \u00e0 explorer des styles embl\u00e9matiques tout en rendant hommage \u00e0 leur magie, avec des techniques accessibles m\u00eame aux d\u00e9butants, gr\u00e2ce \u00e0 des le\u00e7ons techniques bien pens\u00e9es.<\/p>\n<p>Une p\u00e9dagogie riche et non r\u00e9p\u00e9titive, une voix sympa et motivante : c\u2019est le duo parfait pour apprendre, t\u2019inspirer et cr\u00e9er des aquarelles dont tu seras fier !<\/p>\n","protected":false},"featured_media":2051,"comment_status":"open","ping_status":"closed","template":"","meta":[],"product_brand":[],"product_cat":[116],"product_tag":[],"class_list":{"0":"post-2050","1":"product","2":"type-product","3":"status-publish","4":"has-post-thumbnail","6":"product_cat-cours","8":"first","9":"instock","10":"sale","11":"virtual","12":"taxable","13":"purchasable","14":"product-type-simple"},"exclude_global_add_ons":[],"addons":[],"yoast_head":"<!-- This site is optimized with the Yoast SEO plugin v27.5 - https:\/\/yoast.com\/product\/yoast-seo-wordpress\/ -->\n<title>Pack 2 cours : l&#039;aquarelle s&#039;amuse + l&#039;aquarelle portrait - Felicia Watercolor<\/title>\n<meta name=\"robots\" content=\"index, follow, max-snippet:-1, max-image-preview:large, max-video-preview:-1\" \/>\n<link rel=\"canonical\" href=\"https:\/\/feliciawatercolor.com\/aquarelle\/produit\/pack-2-cours-laquarelle-samuse-laquarelle-portrait\/\" \/>\n<meta property=\"og:locale\" content=\"fr_FR\" \/>\n<meta property=\"og:type\" content=\"article\" \/>\n<meta property=\"og:title\" content=\"Pack 2 cours : l&#039;aquarelle s&#039;amuse + l&#039;aquarelle portrait - Felicia Watercolor\" \/>\n<meta property=\"og:description\" content=\"Deux cours sign\u00e9s F\u00e9licia pour faire un bond \u00e0 l\u2019aquarelle, \u00e0 prix tr\u00e8s avantageux !  L&#039;aquarelle s&#039;amuse : pour APPRENDRE les bases de l\u2019aquarelle et tout retrouver au m\u00eame endroit. Le compagnon parfait et illustr\u00e9 en pas \u00e0 pas pour compl\u00e9ter ton Petit Pr\u00e9cis d\u2019Aquarelle !  L&#039;aquarelle portrait : pour TE R\u00c9V\u00c9LER et exprimer tes talents cach\u00e9s \u00e0 travers des portraits inspir\u00e9s des grands ma\u00eetres. Chaque chapitre t\u2019aide \u00e0 explorer des styles embl\u00e9matiques tout en rendant hommage \u00e0 leur magie, avec des techniques accessibles m\u00eame aux d\u00e9butants, gr\u00e2ce \u00e0 des le\u00e7ons techniques bien pens\u00e9es.  Une p\u00e9dagogie riche et non r\u00e9p\u00e9titive, une voix sympa et motivante : c\u2019est le duo parfait pour apprendre, t\u2019inspirer et cr\u00e9er des aquarelles dont tu seras fier !\" \/>\n<meta property=\"og:url\" content=\"https:\/\/feliciawatercolor.com\/aquarelle\/produit\/pack-2-cours-laquarelle-samuse-laquarelle-portrait\/\" \/>\n<meta property=\"og:site_name\" content=\"Felicia Watercolor\" \/>\n<meta property=\"article:modified_time\" content=\"2026-02-27T09:25:22+00:00\" \/>\n<meta property=\"og:image\" content=\"https:\/\/feliciawatercolor.com\/aquarelle\/wp-content\/uploads\/2024\/12\/cover-pack-base-et-portrait.jpg\" \/>\n\t<meta property=\"og:image:width\" content=\"1600\" \/>\n\t<meta property=\"og:image:height\" content=\"1204\" \/>\n\t<meta property=\"og:image:type\" content=\"image\/jpeg\" \/>\n<meta name=\"twitter:label1\" content=\"Dur\u00e9e de lecture estim\u00e9e\" \/>\n\t<meta name=\"twitter:data1\" content=\"1 minute\" \/>\n<script type=\"application\/ld+json\" class=\"yoast-schema-graph\">{\"@context\":\"https:\\\/\\\/schema.org\",\"@graph\":[{\"@type\":\"WebPage\",\"@id\":\"https:\\\/\\\/feliciawatercolor.com\\\/aquarelle\\\/produit\\\/pack-2-cours-laquarelle-samuse-laquarelle-portrait\\\/\",\"url\":\"https:\\\/\\\/feliciawatercolor.com\\\/aquarelle\\\/produit\\\/pack-2-cours-laquarelle-samuse-laquarelle-portrait\\\/\",\"name\":\"Pack 2 cours : l'aquarelle s'amuse + l'aquarelle portrait - Felicia Watercolor\",\"isPartOf\":{\"@id\":\"https:\\\/\\\/feliciawatercolor.com\\\/aquarelle\\\/#website\"},\"primaryImageOfPage\":{\"@id\":\"https:\\\/\\\/feliciawatercolor.com\\\/aquarelle\\\/produit\\\/pack-2-cours-laquarelle-samuse-laquarelle-portrait\\\/#primaryimage\"},\"image\":{\"@id\":\"https:\\\/\\\/feliciawatercolor.com\\\/aquarelle\\\/produit\\\/pack-2-cours-laquarelle-samuse-laquarelle-portrait\\\/#primaryimage\"},\"thumbnailUrl\":\"https:\\\/\\\/feliciawatercolor.com\\\/aquarelle\\\/wp-content\\\/uploads\\\/2024\\\/12\\\/cover-pack-base-et-portrait.jpg\",\"datePublished\":\"2024-12-19T21:59:02+00:00\",\"dateModified\":\"2026-02-27T09:25:22+00:00\",\"breadcrumb\":{\"@id\":\"https:\\\/\\\/feliciawatercolor.com\\\/aquarelle\\\/produit\\\/pack-2-cours-laquarelle-samuse-laquarelle-portrait\\\/#breadcrumb\"},\"inLanguage\":\"fr-FR\",\"potentialAction\":[{\"@type\":\"ReadAction\",\"target\":[\"https:\\\/\\\/feliciawatercolor.com\\\/aquarelle\\\/produit\\\/pack-2-cours-laquarelle-samuse-laquarelle-portrait\\\/\"]}]},{\"@type\":\"ImageObject\",\"inLanguage\":\"fr-FR\",\"@id\":\"https:\\\/\\\/feliciawatercolor.com\\\/aquarelle\\\/produit\\\/pack-2-cours-laquarelle-samuse-laquarelle-portrait\\\/#primaryimage\",\"url\":\"https:\\\/\\\/feliciawatercolor.com\\\/aquarelle\\\/wp-content\\\/uploads\\\/2024\\\/12\\\/cover-pack-base-et-portrait.jpg\",\"contentUrl\":\"https:\\\/\\\/feliciawatercolor.com\\\/aquarelle\\\/wp-content\\\/uploads\\\/2024\\\/12\\\/cover-pack-base-et-portrait.jpg\",\"width\":1600,\"height\":1204,\"caption\":\"Pack 2 cours - L'aquarelle s'amuse + L'aquarelle portrait\"},{\"@type\":\"BreadcrumbList\",\"@id\":\"https:\\\/\\\/feliciawatercolor.com\\\/aquarelle\\\/produit\\\/pack-2-cours-laquarelle-samuse-laquarelle-portrait\\\/#breadcrumb\",\"itemListElement\":[{\"@type\":\"ListItem\",\"position\":1,\"name\":\"Accueil\",\"item\":\"https:\\\/\\\/feliciawatercolor.com\\\/aquarelle\\\/\"},{\"@type\":\"ListItem\",\"position\":2,\"name\":\"Boutique\",\"item\":\"https:\\\/\\\/feliciawatercolor.com\\\/aquarelle\\\/boutique\\\/\"},{\"@type\":\"ListItem\",\"position\":3,\"name\":\"Pack 2 cours : l&#8217;aquarelle s&#8217;amuse + l&#8217;aquarelle portrait\"}]},{\"@type\":\"WebSite\",\"@id\":\"https:\\\/\\\/feliciawatercolor.com\\\/aquarelle\\\/#website\",\"url\":\"https:\\\/\\\/feliciawatercolor.com\\\/aquarelle\\\/\",\"name\":\"Felicia Watercolor\",\"description\":\"L&#039;art, version sensible.\",\"publisher\":{\"@id\":\"https:\\\/\\\/feliciawatercolor.com\\\/aquarelle\\\/#organization\"},\"potentialAction\":[{\"@type\":\"SearchAction\",\"target\":{\"@type\":\"EntryPoint\",\"urlTemplate\":\"https:\\\/\\\/feliciawatercolor.com\\\/aquarelle\\\/?s={search_term_string}\"},\"query-input\":{\"@type\":\"PropertyValueSpecification\",\"valueRequired\":true,\"valueName\":\"search_term_string\"}}],\"inLanguage\":\"fr-FR\"},{\"@type\":\"Organization\",\"@id\":\"https:\\\/\\\/feliciawatercolor.com\\\/aquarelle\\\/#organization\",\"name\":\"Felicia Watercolor\",\"url\":\"https:\\\/\\\/feliciawatercolor.com\\\/aquarelle\\\/\",\"logo\":{\"@type\":\"ImageObject\",\"inLanguage\":\"fr-FR\",\"@id\":\"https:\\\/\\\/feliciawatercolor.com\\\/aquarelle\\\/#\\\/schema\\\/logo\\\/image\\\/\",\"url\":\"https:\\\/\\\/feliciawatercolor.com\\\/aquarelle\\\/wp-content\\\/uploads\\\/2023\\\/05\\\/01-Mina-First_thumb.jpg\",\"contentUrl\":\"https:\\\/\\\/feliciawatercolor.com\\\/aquarelle\\\/wp-content\\\/uploads\\\/2023\\\/05\\\/01-Mina-First_thumb.jpg\",\"width\":153,\"height\":200,\"caption\":\"Felicia Watercolor\"},\"image\":{\"@id\":\"https:\\\/\\\/feliciawatercolor.com\\\/aquarelle\\\/#\\\/schema\\\/logo\\\/image\\\/\"},\"sameAs\":[\"https:\\\/\\\/x.com\\\/fwatercolor\",\"https:\\\/\\\/www.instagram.com\\\/felicia.watercolor\",\"https:\\\/\\\/www.pinterest.fr\\\/feelicial\\\/\",\"https:\\\/\\\/www.youtube.com\\\/c\\\/FeliciaWatercolor\"]}]}<\/script>\n<!-- \/ Yoast SEO plugin. -->","yoast_head_json":{"title":"Pack 2 cours : l'aquarelle s'amuse + l'aquarelle portrait - Felicia Watercolor","robots":{"index":"index","follow":"follow","max-snippet":"max-snippet:-1","max-image-preview":"max-image-preview:large","max-video-preview":"max-video-preview:-1"},"canonical":"https:\/\/feliciawatercolor.com\/aquarelle\/produit\/pack-2-cours-laquarelle-samuse-laquarelle-portrait\/","og_locale":"fr_FR","og_type":"article","og_title":"Pack 2 cours : l'aquarelle s'amuse + l'aquarelle portrait - Felicia Watercolor","og_description":"Deux cours sign\u00e9s F\u00e9licia pour faire un bond \u00e0 l\u2019aquarelle, \u00e0 prix tr\u00e8s avantageux !  L'aquarelle s'amuse : pour APPRENDRE les bases de l\u2019aquarelle et tout retrouver au m\u00eame endroit. Le compagnon parfait et illustr\u00e9 en pas \u00e0 pas pour compl\u00e9ter ton Petit Pr\u00e9cis d\u2019Aquarelle !  L'aquarelle portrait : pour TE R\u00c9V\u00c9LER et exprimer tes talents cach\u00e9s \u00e0 travers des portraits inspir\u00e9s des grands ma\u00eetres. Chaque chapitre t\u2019aide \u00e0 explorer des styles embl\u00e9matiques tout en rendant hommage \u00e0 leur magie, avec des techniques accessibles m\u00eame aux d\u00e9butants, gr\u00e2ce \u00e0 des le\u00e7ons techniques bien pens\u00e9es.  Une p\u00e9dagogie riche et non r\u00e9p\u00e9titive, une voix sympa et motivante : c\u2019est le duo parfait pour apprendre, t\u2019inspirer et cr\u00e9er des aquarelles dont tu seras fier !","og_url":"https:\/\/feliciawatercolor.com\/aquarelle\/produit\/pack-2-cours-laquarelle-samuse-laquarelle-portrait\/","og_site_name":"Felicia Watercolor","article_modified_time":"2026-02-27T09:25:22+00:00","og_image":[{"width":1600,"height":1204,"url":"https:\/\/feliciawatercolor.com\/aquarelle\/wp-content\/uploads\/2024\/12\/cover-pack-base-et-portrait.jpg","type":"image\/jpeg"}],"twitter_misc":{"Dur\u00e9e de lecture estim\u00e9e":"1 minute"},"schema":{"@context":"https:\/\/schema.org","@graph":[{"@type":"WebPage","@id":"https:\/\/feliciawatercolor.com\/aquarelle\/produit\/pack-2-cours-laquarelle-samuse-laquarelle-portrait\/","url":"https:\/\/feliciawatercolor.com\/aquarelle\/produit\/pack-2-cours-laquarelle-samuse-laquarelle-portrait\/","name":"Pack 2 cours : l'aquarelle s'amuse + l'aquarelle portrait - Felicia Watercolor","isPartOf":{"@id":"https:\/\/feliciawatercolor.com\/aquarelle\/#website"},"primaryImageOfPage":{"@id":"https:\/\/feliciawatercolor.com\/aquarelle\/produit\/pack-2-cours-laquarelle-samuse-laquarelle-portrait\/#primaryimage"},"image":{"@id":"https:\/\/feliciawatercolor.com\/aquarelle\/produit\/pack-2-cours-laquarelle-samuse-laquarelle-portrait\/#primaryimage"},"thumbnailUrl":"https:\/\/feliciawatercolor.com\/aquarelle\/wp-content\/uploads\/2024\/12\/cover-pack-base-et-portrait.jpg","datePublished":"2024-12-19T21:59:02+00:00","dateModified":"2026-02-27T09:25:22+00:00","breadcrumb":{"@id":"https:\/\/feliciawatercolor.com\/aquarelle\/produit\/pack-2-cours-laquarelle-samuse-laquarelle-portrait\/#breadcrumb"},"inLanguage":"fr-FR","potentialAction":[{"@type":"ReadAction","target":["https:\/\/feliciawatercolor.com\/aquarelle\/produit\/pack-2-cours-laquarelle-samuse-laquarelle-portrait\/"]}]},{"@type":"ImageObject","inLanguage":"fr-FR","@id":"https:\/\/feliciawatercolor.com\/aquarelle\/produit\/pack-2-cours-laquarelle-samuse-laquarelle-portrait\/#primaryimage","url":"https:\/\/feliciawatercolor.com\/aquarelle\/wp-content\/uploads\/2024\/12\/cover-pack-base-et-portrait.jpg","contentUrl":"https:\/\/feliciawatercolor.com\/aquarelle\/wp-content\/uploads\/2024\/12\/cover-pack-base-et-portrait.jpg","width":1600,"height":1204,"caption":"Pack 2 cours - L'aquarelle s'amuse + L'aquarelle portrait"},{"@type":"BreadcrumbList","@id":"https:\/\/feliciawatercolor.com\/aquarelle\/produit\/pack-2-cours-laquarelle-samuse-laquarelle-portrait\/#breadcrumb","itemListElement":[{"@type":"ListItem","position":1,"name":"Accueil","item":"https:\/\/feliciawatercolor.com\/aquarelle\/"},{"@type":"ListItem","position":2,"name":"Boutique","item":"https:\/\/feliciawatercolor.com\/aquarelle\/boutique\/"},{"@type":"ListItem","position":3,"name":"Pack 2 cours : l&#8217;aquarelle s&#8217;amuse + l&#8217;aquarelle portrait"}]},{"@type":"WebSite","@id":"https:\/\/feliciawatercolor.com\/aquarelle\/#website","url":"https:\/\/feliciawatercolor.com\/aquarelle\/","name":"Felicia Watercolor","description":"L&#039;art, version sensible.","publisher":{"@id":"https:\/\/feliciawatercolor.com\/aquarelle\/#organization"},"potentialAction":[{"@type":"SearchAction","target":{"@type":"EntryPoint","urlTemplate":"https:\/\/feliciawatercolor.com\/aquarelle\/?s={search_term_string}"},"query-input":{"@type":"PropertyValueSpecification","valueRequired":true,"valueName":"search_term_string"}}],"inLanguage":"fr-FR"},{"@type":"Organization","@id":"https:\/\/feliciawatercolor.com\/aquarelle\/#organization","name":"Felicia Watercolor","url":"https:\/\/feliciawatercolor.com\/aquarelle\/","logo":{"@type":"ImageObject","inLanguage":"fr-FR","@id":"https:\/\/feliciawatercolor.com\/aquarelle\/#\/schema\/logo\/image\/","url":"https:\/\/feliciawatercolor.com\/aquarelle\/wp-content\/uploads\/2023\/05\/01-Mina-First_thumb.jpg","contentUrl":"https:\/\/feliciawatercolor.com\/aquarelle\/wp-content\/uploads\/2023\/05\/01-Mina-First_thumb.jpg","width":153,"height":200,"caption":"Felicia Watercolor"},"image":{"@id":"https:\/\/feliciawatercolor.com\/aquarelle\/#\/schema\/logo\/image\/"},"sameAs":["https:\/\/x.com\/fwatercolor","https:\/\/www.instagram.com\/felicia.watercolor","https:\/\/www.pinterest.fr\/feelicial\/","https:\/\/www.youtube.com\/c\/FeliciaWatercolor"]}]}},"acf":[],"_links":{"self":[{"href":"https:\/\/feliciawatercolor.com\/aquarelle\/wp-json\/wp\/v2\/product\/2050","targetHints":{"allow":["GET"]}}],"collection":[{"href":"https:\/\/feliciawatercolor.com\/aquarelle\/wp-json\/wp\/v2\/product"}],"about":[{"href":"https:\/\/feliciawatercolor.com\/aquarelle\/wp-json\/wp\/v2\/types\/product"}],"replies":[{"embeddable":true,"href":"https:\/\/feliciawatercolor.com\/aquarelle\/wp-json\/wp\/v2\/comments?post=2050"}],"wp:featuredmedia":[{"embeddable":true,"href":"https:\/\/feliciawatercolor.com\/aquarelle\/wp-json\/wp\/v2\/media\/2051"}],"wp:attachment":[{"href":"https:\/\/feliciawatercolor.com\/aquarelle\/wp-json\/wp\/v2\/media?parent=2050"}],"wp:term":[{"taxonomy":"product_brand","embeddable":true,"href":"https:\/\/feliciawatercolor.com\/aquarelle\/wp-json\/wp\/v2\/product_brand?post=2050"},{"taxonomy":"product_cat","embeddable":true,"href":"https:\/\/feliciawatercolor.com\/aquarelle\/wp-json\/wp\/v2\/product_cat?post=2050"},{"taxonomy":"product_tag","embeddable":true,"href":"https:\/\/feliciawatercolor.com\/aquarelle\/wp-json\/wp\/v2\/product_tag?post=2050"}],"curies":[{"name":"wp","href":"https:\/\/api.w.org\/{rel}","templated":true}]}}