{"id":3163,"date":"2025-11-10T19:27:26","date_gmt":"2025-11-10T18:27:26","guid":{"rendered":"https:\/\/feliciawatercolor.com\/aquarelle\/?post_type=product&#038;p=3163"},"modified":"2025-11-21T19:05:43","modified_gmt":"2025-11-21T18:05:43","slug":"coaching-cours-particulier-1h30","status":"publish","type":"product","link":"https:\/\/feliciawatercolor.com\/aquarelle\/produit\/coaching-cours-particulier-1h30\/","title":{"rendered":"Coaching \/ cours particulier 1h30"},"content":{"rendered":"<h2><b>Coaching technique d\u2019aquarelle<\/b><\/h2>\n<h3><b>Un accompagnement personnalis\u00e9 pour d\u00e9bloquer ta pratique et progresser durablement<\/b><\/h3>\n<p><span style=\"font-weight: 400;\">Tu as l\u2019impression de stagner dans ta pratique de l\u2019aquarelle ? Tu doutes de ta technique, de tes choix de couleur ou de ton approche artistique ?<\/span><\/p>\n<p><span style=\"font-weight: 400;\">Ce coaching individuel d\u20191h30 sur Google Meet est con\u00e7u pour t\u2019aider \u00e0 franchir un cap. Ensemble, nous analyserons ta pratique, identifierons tes points de blocage, et je te transmettrai des conseils clairs et concrets pour retrouver fluidit\u00e9 et plaisir dans ton art.<\/span><\/p>\n<h3><b>Ce que comprend la s\u00e9ance<\/b><\/h3>\n<ol>\n<li style=\"font-weight: 400;\" aria-level=\"1\"><span style=\"font-weight: 400;\">Un bilan personnalis\u00e9<\/span><span style=\"font-weight: 400;\"><br \/>\n<\/span><span style=\"font-weight: 400;\">Nous partons de tes r\u00e9alisations : tu me montres quelques-unes de tes \u0153uvres (ou de tes essais), et nous faisons le point sur ce qui fonctionne d\u00e9j\u00e0, et ce qui m\u00e9rite d\u2019\u00e9voluer. J\u2019analyse ta technique, ton mat\u00e9riel, ton approche des couleurs, des valeurs et de la composition. Mon analyse est bas\u00e9e sur une \u00e9chelle qui comprend plusieurs crit\u00e8res \u00e9tablis apr\u00e8s de nombreux \u00e9changes avec les \u00e9l\u00e8ves.<\/span><\/li>\n<li aria-level=\"1\"><span style=\"font-weight: 400;\">Mon retour d\u2019expert et conseils sur mesure<\/span><span style=\"font-weight: 400;\"><br \/>\n<\/span><span style=\"font-weight: 400;\">Je te partage de premi\u00e8res pistes et exercices adapt\u00e9s \u00e0 ton niveau et \u00e0 ta sensibilit\u00e9s. Je les compl\u00e9terai avec des fiches exercices que tu recevras par mail. <\/span><\/li>\n<li style=\"font-weight: 400;\" aria-level=\"1\"><span style=\"font-weight: 400;\">Un petit moment de pratique<\/span><span style=\"font-weight: 400;\"><br \/>\n<\/span><span style=\"font-weight: 400;\">Si besoin de mieux cerner une difficult\u00e9, je te fais r\u00e9aliser un exercice ou je t\u2019explique une notion avec une mini-d\u00e9mo en direct, pour illustrer mes recommandations et t\u2019aider \u00e0 les mettre imm\u00e9diatement en pratique. <\/span><\/li>\n<li style=\"font-weight: 400;\" aria-level=\"1\"><span style=\"font-weight: 400;\">Un r\u00e9capitulatif apr\u00e8s la s\u00e9ance<\/span><span style=\"font-weight: 400;\"><br \/>\n<\/span><span style=\"font-weight: 400;\">Tu re\u00e7ois ensuite un compte rendu personnalis\u00e9 avec les points cl\u00e9s, les exercices conseill\u00e9s et les pistes de travail pour continuer \u00e0 progresser.<\/span><\/li>\n<\/ol>\n<h3><b>En pratique<\/b><\/h3>\n<ul>\n<li style=\"font-weight: 400;\" aria-level=\"1\"><span style=\"font-weight: 400;\">Dur\u00e9e : 1h30<\/span><\/li>\n<li style=\"font-weight: 400;\" aria-level=\"1\"><span style=\"font-weight: 400;\">Format : en visio sur Google Meet. Pas n\u00e9cessaire d\u2019avoir une adresse gmail. Par contre une cam\u00e9ra (par exemple celle de ton ordinateur) pour me montrer tes productions c\u2019est mieux !<\/span><\/li>\n<li style=\"font-weight: 400;\" aria-level=\"1\"><span style=\"font-weight: 400;\">Date et heure : tu choisis le cr\u00e9neau \u00e0 la commande parmi ceux qui te sont propos\u00e9s, si aucun cr\u00e9neau n&#8217;est disponible, pas d&#8217;inqui\u00e9tude! F\u00e9licia en rajoute r\u00e9guli\u00e8rement.<\/span><\/li>\n<li style=\"font-weight: 400;\" aria-level=\"1\"><span style=\"font-weight: 400;\">Apr\u00e8s ton achat, tu recevras un e-mail dans la foul\u00e9e qui te donnera le mode d&#8217;emploi et t&#8217;expliquera comment bien pr\u00e9parer ton rendez-vous. <\/span><\/li>\n<\/ul>\n<h3><b>\u00c0 propos de ton coach<\/b><\/h3>\n<p><span style=\"font-weight: 400;\">Laur\u00e9at du International Watercolour Masters de 2026, passionn\u00e9es d&#8217;aquarelle depuis 20 ans, je partage ma passion pour l\u2019aquarelle avec une communaut\u00e9 de pr\u00e8s de 30 000 abonn\u00e9s sur Youtube.<\/span><\/p>\n<p><span style=\"font-weight: 400;\">Avant de me consacrer enti\u00e8rement \u00e0 l\u2019art, j\u2019ai \u00e9t\u00e9 directrice de projets design d\u2019exp\u00e9rience et coach UX pendant 15 ans, ce qui me permet d\u2019allier regard artistique et approche structur\u00e9e de la progression.<\/span><\/p>\n<p><span style=\"font-weight: 400;\">Mon objectif : t\u2019aider \u00e0 comprendre pourquoi tu bloques et comment trouver ton \u00e9lan cr\u00e9atif, avec m\u00e9thode, clart\u00e9 et bienveillance.<\/span><\/p>\n<h3><b>Ce que tu gagneras<\/b><\/h3>\n<ul>\n<li style=\"font-weight: 400;\" aria-level=\"1\"><span style=\"font-weight: 400;\">Une vision claire de tes points forts et axes d\u2019\u00e9volution<\/span><\/li>\n<li style=\"font-weight: 400;\" aria-level=\"1\"><span style=\"font-weight: 400;\">Des conseils techniques concrets adapt\u00e9s \u00e0 ton style<\/span><\/li>\n<li style=\"font-weight: 400;\" aria-level=\"1\"><span style=\"font-weight: 400;\">Des exercices personnalis\u00e9s pour progresser pas \u00e0 pas<\/span><\/li>\n<li style=\"font-weight: 400;\" aria-level=\"1\"><span style=\"font-weight: 400;\">Un regain de confiance et de plaisir \u00e0 peindre<\/span><\/li>\n<\/ul>\n<h3>Est-ce qu&#8217;une s\u00e9ance suffit ?<\/h3>\n<p>Oui, une seule s\u00e9ance suffit souvent pour d\u00e9bloquer ta pratique et repartir avec des cl\u00e9s concr\u00e8tes pour progresser.<br \/>\nEt si, plus tard, un nouveau palier se pr\u00e9sente ou que tu ressens le besoin d\u2019un nouvel \u00e9lan, tu pourras bien s\u00fbr r\u00e9server une autre s\u00e9ance.<br \/>\nGr\u00e2ce \u00e0 mes fiches de suivi, je reprends \u00e0 chaque fois l\u00e0 o\u00f9 tu en \u00e9tais : chaque coaching devient une \u00e9tape claire et efficace dans ton \u00e9volution \u00e0 l\u2019aquarelle.<\/p>\n<p><a class=\"single_add_to_cart_button button alt\" href=\"#product-2669\">Je r\u00e9serve ma s\u00e9ance<\/a><\/p>\n","protected":false},"excerpt":{"rendered":"<p>Passe <strong data-start=\"177\" data-end=\"208\">1h30 en direct avec F\u00e9licia<\/strong>, artiste et prof d\u2019aquarelle reconnue, pour un accompagnement sur mesure.<br data-start=\"282\" data-end=\"285\" \/>Analyse de ton travail, conseils techniques cibl\u00e9s, pistes de progression et r\u00e9ponses \u00e0 toutes tes questions : une s\u00e9ance personnalis\u00e9e pour d\u00e9bloquer ta pratique et t&#8217;affirmer.<\/p>\n<p>voir descriptif complet ci-dessous.<\/p>\n","protected":false},"featured_media":3024,"comment_status":"open","ping_status":"closed","template":"","meta":[],"product_brand":[],"product_cat":[116],"product_tag":[],"class_list":{"0":"post-3163","1":"product","2":"type-product","3":"status-publish","4":"has-post-thumbnail","6":"product_cat-cours","8":"first","9":"instock","10":"virtual","11":"sold-individually","12":"taxable","13":"purchasable","14":"product-type-appointment"},"exclude_global_add_ons":[],"addons":[],"yoast_head":"<!-- This site is optimized with the Yoast SEO plugin v27.5 - https:\/\/yoast.com\/product\/yoast-seo-wordpress\/ -->\n<title>Coaching \/ cours particulier 1h30 - Felicia Watercolor<\/title>\n<meta name=\"description\" content=\"Tu as l\u2019impression de stagner dans ta pratique de l\u2019aquarelle ? Tu doutes de ta technique, de tes choix de couleur ou de ton approche artistique ? Ce coaching individuel d\u20191h30 en visio est con\u00e7u pour t\u2019aider \u00e0 franchir un cap. Ensemble, nous analyserons ta pratique, identifierons tes points de blocage, et je te transmettrai des conseils clairs et concrets pour retrouver fluidit\u00e9 et plaisir dans ton art.\" \/>\n<meta name=\"robots\" content=\"index, follow, max-snippet:-1, max-image-preview:large, max-video-preview:-1\" \/>\n<link rel=\"canonical\" href=\"https:\/\/feliciawatercolor.com\/aquarelle\/produit\/coaching-cours-particulier-1h30\/\" \/>\n<meta property=\"og:locale\" content=\"fr_FR\" \/>\n<meta property=\"og:type\" content=\"article\" \/>\n<meta property=\"og:title\" content=\"Coaching \/ cours particulier 1h30 - Felicia Watercolor\" \/>\n<meta property=\"og:description\" content=\"Tu as l\u2019impression de stagner dans ta pratique de l\u2019aquarelle ? Tu doutes de ta technique, de tes choix de couleur ou de ton approche artistique ? Ce coaching individuel d\u20191h30 en visio est con\u00e7u pour t\u2019aider \u00e0 franchir un cap. Ensemble, nous analyserons ta pratique, identifierons tes points de blocage, et je te transmettrai des conseils clairs et concrets pour retrouver fluidit\u00e9 et plaisir dans ton art.\" \/>\n<meta property=\"og:url\" content=\"https:\/\/feliciawatercolor.com\/aquarelle\/produit\/coaching-cours-particulier-1h30\/\" \/>\n<meta property=\"og:site_name\" content=\"Felicia Watercolor\" \/>\n<meta property=\"article:modified_time\" content=\"2025-11-21T18:05:43+00:00\" \/>\n<meta property=\"og:image\" content=\"https:\/\/feliciawatercolor.com\/aquarelle\/wp-content\/uploads\/2025\/03\/Coaching.jpg\" \/>\n\t<meta property=\"og:image:width\" content=\"1800\" \/>\n\t<meta property=\"og:image:height\" content=\"2400\" \/>\n\t<meta property=\"og:image:type\" content=\"image\/jpeg\" \/>\n<meta name=\"twitter:label1\" content=\"Dur\u00e9e de lecture estim\u00e9e\" \/>\n\t<meta name=\"twitter:data1\" content=\"3 minutes\" \/>\n<script type=\"application\/ld+json\" class=\"yoast-schema-graph\">{\"@context\":\"https:\\\/\\\/schema.org\",\"@graph\":[{\"@type\":\"WebPage\",\"@id\":\"https:\\\/\\\/feliciawatercolor.com\\\/aquarelle\\\/produit\\\/coaching-cours-particulier-1h30\\\/\",\"url\":\"https:\\\/\\\/feliciawatercolor.com\\\/aquarelle\\\/produit\\\/coaching-cours-particulier-1h30\\\/\",\"name\":\"Coaching \\\/ cours particulier 1h30 - Felicia Watercolor\",\"isPartOf\":{\"@id\":\"https:\\\/\\\/feliciawatercolor.com\\\/aquarelle\\\/#website\"},\"primaryImageOfPage\":{\"@id\":\"https:\\\/\\\/feliciawatercolor.com\\\/aquarelle\\\/produit\\\/coaching-cours-particulier-1h30\\\/#primaryimage\"},\"image\":{\"@id\":\"https:\\\/\\\/feliciawatercolor.com\\\/aquarelle\\\/produit\\\/coaching-cours-particulier-1h30\\\/#primaryimage\"},\"thumbnailUrl\":\"https:\\\/\\\/feliciawatercolor.com\\\/aquarelle\\\/wp-content\\\/uploads\\\/2025\\\/03\\\/Coaching.jpg\",\"datePublished\":\"2025-11-10T18:27:26+00:00\",\"dateModified\":\"2025-11-21T18:05:43+00:00\",\"description\":\"Tu as l\u2019impression de stagner dans ta pratique de l\u2019aquarelle ? Tu doutes de ta technique, de tes choix de couleur ou de ton approche artistique ? Ce coaching individuel d\u20191h30 en visio est con\u00e7u pour t\u2019aider \u00e0 franchir un cap. Ensemble, nous analyserons ta pratique, identifierons tes points de blocage, et je te transmettrai des conseils clairs et concrets pour retrouver fluidit\u00e9 et plaisir dans ton art.\",\"breadcrumb\":{\"@id\":\"https:\\\/\\\/feliciawatercolor.com\\\/aquarelle\\\/produit\\\/coaching-cours-particulier-1h30\\\/#breadcrumb\"},\"inLanguage\":\"fr-FR\",\"potentialAction\":[{\"@type\":\"ReadAction\",\"target\":[\"https:\\\/\\\/feliciawatercolor.com\\\/aquarelle\\\/produit\\\/coaching-cours-particulier-1h30\\\/\"]}]},{\"@type\":\"ImageObject\",\"inLanguage\":\"fr-FR\",\"@id\":\"https:\\\/\\\/feliciawatercolor.com\\\/aquarelle\\\/produit\\\/coaching-cours-particulier-1h30\\\/#primaryimage\",\"url\":\"https:\\\/\\\/feliciawatercolor.com\\\/aquarelle\\\/wp-content\\\/uploads\\\/2025\\\/03\\\/Coaching.jpg\",\"contentUrl\":\"https:\\\/\\\/feliciawatercolor.com\\\/aquarelle\\\/wp-content\\\/uploads\\\/2025\\\/03\\\/Coaching.jpg\",\"width\":1800,\"height\":2400,\"caption\":\"Coaching\"},{\"@type\":\"BreadcrumbList\",\"@id\":\"https:\\\/\\\/feliciawatercolor.com\\\/aquarelle\\\/produit\\\/coaching-cours-particulier-1h30\\\/#breadcrumb\",\"itemListElement\":[{\"@type\":\"ListItem\",\"position\":1,\"name\":\"Accueil\",\"item\":\"https:\\\/\\\/feliciawatercolor.com\\\/aquarelle\\\/\"},{\"@type\":\"ListItem\",\"position\":2,\"name\":\"Boutique\",\"item\":\"https:\\\/\\\/feliciawatercolor.com\\\/aquarelle\\\/boutique\\\/\"},{\"@type\":\"ListItem\",\"position\":3,\"name\":\"Coaching \\\/ cours particulier 1h30\"}]},{\"@type\":\"WebSite\",\"@id\":\"https:\\\/\\\/feliciawatercolor.com\\\/aquarelle\\\/#website\",\"url\":\"https:\\\/\\\/feliciawatercolor.com\\\/aquarelle\\\/\",\"name\":\"Felicia Watercolor\",\"description\":\"L&#039;art, version sensible.\",\"publisher\":{\"@id\":\"https:\\\/\\\/feliciawatercolor.com\\\/aquarelle\\\/#organization\"},\"potentialAction\":[{\"@type\":\"SearchAction\",\"target\":{\"@type\":\"EntryPoint\",\"urlTemplate\":\"https:\\\/\\\/feliciawatercolor.com\\\/aquarelle\\\/?s={search_term_string}\"},\"query-input\":{\"@type\":\"PropertyValueSpecification\",\"valueRequired\":true,\"valueName\":\"search_term_string\"}}],\"inLanguage\":\"fr-FR\"},{\"@type\":\"Organization\",\"@id\":\"https:\\\/\\\/feliciawatercolor.com\\\/aquarelle\\\/#organization\",\"name\":\"Felicia Watercolor\",\"url\":\"https:\\\/\\\/feliciawatercolor.com\\\/aquarelle\\\/\",\"logo\":{\"@type\":\"ImageObject\",\"inLanguage\":\"fr-FR\",\"@id\":\"https:\\\/\\\/feliciawatercolor.com\\\/aquarelle\\\/#\\\/schema\\\/logo\\\/image\\\/\",\"url\":\"https:\\\/\\\/feliciawatercolor.com\\\/aquarelle\\\/wp-content\\\/uploads\\\/2023\\\/05\\\/01-Mina-First_thumb.jpg\",\"contentUrl\":\"https:\\\/\\\/feliciawatercolor.com\\\/aquarelle\\\/wp-content\\\/uploads\\\/2023\\\/05\\\/01-Mina-First_thumb.jpg\",\"width\":153,\"height\":200,\"caption\":\"Felicia Watercolor\"},\"image\":{\"@id\":\"https:\\\/\\\/feliciawatercolor.com\\\/aquarelle\\\/#\\\/schema\\\/logo\\\/image\\\/\"},\"sameAs\":[\"https:\\\/\\\/x.com\\\/fwatercolor\",\"https:\\\/\\\/www.instagram.com\\\/felicia.watercolor\",\"https:\\\/\\\/www.pinterest.fr\\\/feelicial\\\/\",\"https:\\\/\\\/www.youtube.com\\\/c\\\/FeliciaWatercolor\"]}]}<\/script>\n<!-- \/ Yoast SEO plugin. -->","yoast_head_json":{"title":"Coaching \/ cours particulier 1h30 - Felicia Watercolor","description":"Tu as l\u2019impression de stagner dans ta pratique de l\u2019aquarelle ? Tu doutes de ta technique, de tes choix de couleur ou de ton approche artistique ? Ce coaching individuel d\u20191h30 en visio est con\u00e7u pour t\u2019aider \u00e0 franchir un cap. Ensemble, nous analyserons ta pratique, identifierons tes points de blocage, et je te transmettrai des conseils clairs et concrets pour retrouver fluidit\u00e9 et plaisir dans ton art.","robots":{"index":"index","follow":"follow","max-snippet":"max-snippet:-1","max-image-preview":"max-image-preview:large","max-video-preview":"max-video-preview:-1"},"canonical":"https:\/\/feliciawatercolor.com\/aquarelle\/produit\/coaching-cours-particulier-1h30\/","og_locale":"fr_FR","og_type":"article","og_title":"Coaching \/ cours particulier 1h30 - Felicia Watercolor","og_description":"Tu as l\u2019impression de stagner dans ta pratique de l\u2019aquarelle ? Tu doutes de ta technique, de tes choix de couleur ou de ton approche artistique ? Ce coaching individuel d\u20191h30 en visio est con\u00e7u pour t\u2019aider \u00e0 franchir un cap. Ensemble, nous analyserons ta pratique, identifierons tes points de blocage, et je te transmettrai des conseils clairs et concrets pour retrouver fluidit\u00e9 et plaisir dans ton art.","og_url":"https:\/\/feliciawatercolor.com\/aquarelle\/produit\/coaching-cours-particulier-1h30\/","og_site_name":"Felicia Watercolor","article_modified_time":"2025-11-21T18:05:43+00:00","og_image":[{"width":1800,"height":2400,"url":"https:\/\/feliciawatercolor.com\/aquarelle\/wp-content\/uploads\/2025\/03\/Coaching.jpg","type":"image\/jpeg"}],"twitter_misc":{"Dur\u00e9e de lecture estim\u00e9e":"3 minutes"},"schema":{"@context":"https:\/\/schema.org","@graph":[{"@type":"WebPage","@id":"https:\/\/feliciawatercolor.com\/aquarelle\/produit\/coaching-cours-particulier-1h30\/","url":"https:\/\/feliciawatercolor.com\/aquarelle\/produit\/coaching-cours-particulier-1h30\/","name":"Coaching \/ cours particulier 1h30 - Felicia Watercolor","isPartOf":{"@id":"https:\/\/feliciawatercolor.com\/aquarelle\/#website"},"primaryImageOfPage":{"@id":"https:\/\/feliciawatercolor.com\/aquarelle\/produit\/coaching-cours-particulier-1h30\/#primaryimage"},"image":{"@id":"https:\/\/feliciawatercolor.com\/aquarelle\/produit\/coaching-cours-particulier-1h30\/#primaryimage"},"thumbnailUrl":"https:\/\/feliciawatercolor.com\/aquarelle\/wp-content\/uploads\/2025\/03\/Coaching.jpg","datePublished":"2025-11-10T18:27:26+00:00","dateModified":"2025-11-21T18:05:43+00:00","description":"Tu as l\u2019impression de stagner dans ta pratique de l\u2019aquarelle ? Tu doutes de ta technique, de tes choix de couleur ou de ton approche artistique ? Ce coaching individuel d\u20191h30 en visio est con\u00e7u pour t\u2019aider \u00e0 franchir un cap. Ensemble, nous analyserons ta pratique, identifierons tes points de blocage, et je te transmettrai des conseils clairs et concrets pour retrouver fluidit\u00e9 et plaisir dans ton art.","breadcrumb":{"@id":"https:\/\/feliciawatercolor.com\/aquarelle\/produit\/coaching-cours-particulier-1h30\/#breadcrumb"},"inLanguage":"fr-FR","potentialAction":[{"@type":"ReadAction","target":["https:\/\/feliciawatercolor.com\/aquarelle\/produit\/coaching-cours-particulier-1h30\/"]}]},{"@type":"ImageObject","inLanguage":"fr-FR","@id":"https:\/\/feliciawatercolor.com\/aquarelle\/produit\/coaching-cours-particulier-1h30\/#primaryimage","url":"https:\/\/feliciawatercolor.com\/aquarelle\/wp-content\/uploads\/2025\/03\/Coaching.jpg","contentUrl":"https:\/\/feliciawatercolor.com\/aquarelle\/wp-content\/uploads\/2025\/03\/Coaching.jpg","width":1800,"height":2400,"caption":"Coaching"},{"@type":"BreadcrumbList","@id":"https:\/\/feliciawatercolor.com\/aquarelle\/produit\/coaching-cours-particulier-1h30\/#breadcrumb","itemListElement":[{"@type":"ListItem","position":1,"name":"Accueil","item":"https:\/\/feliciawatercolor.com\/aquarelle\/"},{"@type":"ListItem","position":2,"name":"Boutique","item":"https:\/\/feliciawatercolor.com\/aquarelle\/boutique\/"},{"@type":"ListItem","position":3,"name":"Coaching \/ cours particulier 1h30"}]},{"@type":"WebSite","@id":"https:\/\/feliciawatercolor.com\/aquarelle\/#website","url":"https:\/\/feliciawatercolor.com\/aquarelle\/","name":"Felicia Watercolor","description":"L&#039;art, version sensible.","publisher":{"@id":"https:\/\/feliciawatercolor.com\/aquarelle\/#organization"},"potentialAction":[{"@type":"SearchAction","target":{"@type":"EntryPoint","urlTemplate":"https:\/\/feliciawatercolor.com\/aquarelle\/?s={search_term_string}"},"query-input":{"@type":"PropertyValueSpecification","valueRequired":true,"valueName":"search_term_string"}}],"inLanguage":"fr-FR"},{"@type":"Organization","@id":"https:\/\/feliciawatercolor.com\/aquarelle\/#organization","name":"Felicia Watercolor","url":"https:\/\/feliciawatercolor.com\/aquarelle\/","logo":{"@type":"ImageObject","inLanguage":"fr-FR","@id":"https:\/\/feliciawatercolor.com\/aquarelle\/#\/schema\/logo\/image\/","url":"https:\/\/feliciawatercolor.com\/aquarelle\/wp-content\/uploads\/2023\/05\/01-Mina-First_thumb.jpg","contentUrl":"https:\/\/feliciawatercolor.com\/aquarelle\/wp-content\/uploads\/2023\/05\/01-Mina-First_thumb.jpg","width":153,"height":200,"caption":"Felicia Watercolor"},"image":{"@id":"https:\/\/feliciawatercolor.com\/aquarelle\/#\/schema\/logo\/image\/"},"sameAs":["https:\/\/x.com\/fwatercolor","https:\/\/www.instagram.com\/felicia.watercolor","https:\/\/www.pinterest.fr\/feelicial\/","https:\/\/www.youtube.com\/c\/FeliciaWatercolor"]}]}},"acf":[],"_links":{"self":[{"href":"https:\/\/feliciawatercolor.com\/aquarelle\/wp-json\/wp\/v2\/product\/3163","targetHints":{"allow":["GET"]}}],"collection":[{"href":"https:\/\/feliciawatercolor.com\/aquarelle\/wp-json\/wp\/v2\/product"}],"about":[{"href":"https:\/\/feliciawatercolor.com\/aquarelle\/wp-json\/wp\/v2\/types\/product"}],"replies":[{"embeddable":true,"href":"https:\/\/feliciawatercolor.com\/aquarelle\/wp-json\/wp\/v2\/comments?post=3163"}],"wp:featuredmedia":[{"embeddable":true,"href":"https:\/\/feliciawatercolor.com\/aquarelle\/wp-json\/wp\/v2\/media\/3024"}],"wp:attachment":[{"href":"https:\/\/feliciawatercolor.com\/aquarelle\/wp-json\/wp\/v2\/media?parent=3163"}],"wp:term":[{"taxonomy":"product_brand","embeddable":true,"href":"https:\/\/feliciawatercolor.com\/aquarelle\/wp-json\/wp\/v2\/product_brand?post=3163"},{"taxonomy":"product_cat","embeddable":true,"href":"https:\/\/feliciawatercolor.com\/aquarelle\/wp-json\/wp\/v2\/product_cat?post=3163"},{"taxonomy":"product_tag","embeddable":true,"href":"https:\/\/feliciawatercolor.com\/aquarelle\/wp-json\/wp\/v2\/product_tag?post=3163"}],"curies":[{"name":"wp","href":"https:\/\/api.w.org\/{rel}","templated":true}]}}