{"id":3524,"date":"2026-02-23T12:34:42","date_gmt":"2026-02-23T11:34:42","guid":{"rendered":"https:\/\/feliciawatercolor.com\/aquarelle\/?post_type=product&#038;p=3524"},"modified":"2026-02-27T10:26:20","modified_gmt":"2026-02-27T09:26:20","slug":"bootcamp-figure-humaine-et-silhouette-a-laquarelle","status":"publish","type":"product","link":"https:\/\/feliciawatercolor.com\/aquarelle\/produit\/bootcamp-figure-humaine-et-silhouette-a-laquarelle\/","title":{"rendered":"Bootcamp : figure humaine et silhouette \u00e0 l\u2019aquarelle"},"content":{"rendered":"\r\n<h3 class=\"wp-block-heading has-text-align-left\">Apprendre \u00e0 raconter l\u2019humain\u00a0avec l\u2019aquarelle<\/h3>\r\n<p><strong>Ce cours s\u2019adresse \u00e0 tous ceux qui souhaitent d\u00e9velopper une \u00e9criture personnelle et sensible autour de l\u2019humain gr\u00e2ce \u00e0 l\u2019aquarelle.<\/strong> <strong>Ensemble, nous reprenons toutes les bases techniques du dessin et de l\u2019aquarelle. Puis nous les enrichissons jusque savoir peindre le mouvement et donner une dimension \u00e9motionnelle \u00e0 tes r\u00e9alisations.<\/strong> Au programme, un bootcamp immersif pour tous niveaux :<\/p>\r\n<ul class=\"wp-block-list\">\r\n<li>4 masterclass exclusives avec F\u00e9licia les <strong>dimanches matins des<\/strong> <strong>8, 15, 22 et 29 mars 2026<\/strong> et leurs replay accessibles \u00e0 vie<\/li>\r\n<li>10 vid\u00e9os d\u00e9mos en temps r\u00e9el accessibles \u00e0 vie<\/li>\r\n<li>1 guide mat\u00e9riel<\/li>\r\n<li>4 guides p\u00e9dagogiques<\/li>\r\n<li>l\u2019acc\u00e8s au groupe Facebook des \u00e9l\u00e8ves des cours de F\u00e9licia (facultatif mais tr\u00e8s convivial et motivant) pour partager tes r\u00e9alisations si tu le souhaites<\/li>\r\n<\/ul>\r\n<h4 class=\"wp-block-heading\">Masterclass Live\u00a0 1\u00a0 \u2013 CONSTRUIRE UNE FIGURE<\/h4>\r\n<ul class=\"wp-block-list\">\r\n<li>Dessin au crayon \u2013 Proportions du corps humain et de la t\u00eate<\/li>\r\n<li>Les diff\u00e9rentes m\u00e9thodes pour d\u00e9composer le corps en blocs simples. Et premi\u00e8res notions de perspectives.<\/li>\r\n<li>Principes d\u2019auto correction de son dessin d\u2019apr\u00e8s photo (les angles, les pleins et vides, les rapports entre \u00e9l\u00e9ments, le g\u00e9n\u00e9ral au particulier).<\/li>\r\n<li>Pratique homme et pratique femme en positions statiques.<\/li>\r\n<\/ul>\r\n<h4 class=\"wp-block-heading\">Masterclass Live 2 \u2013 PEINDRE \u00e0 l\u2019AQUARELLE<\/h4>\r\n<ul class=\"wp-block-list\">\r\n<li>Rappel fondamentaux de l\u2019aquarelle (sec, mouill\u00e9, d\u00e9grad\u00e9, cr\u00e9meux dans l\u2019humide) en action \u2013 Application ensemble sur silhouette<\/li>\r\n<li>Contr\u00f4le de l\u2019eau \u2013 Cycle de l\u2019eau<\/li>\r\n<li>Couleurs de peau<\/li>\r\n<li>M\u00e9thode des 2 couches et dans l\u2019humide puis application sur figure<\/li>\r\n<\/ul>\r\n<h4 class=\"wp-block-heading\">Masterclass Live 3 \u2013 DONNER de la VIE et du MOUVEMENT<\/h4>\r\n<ul class=\"wp-block-list\">\r\n<li>Retour au dessin. Les lignes de force. Exercice : Trouver la ligne de force ou le centre de gravit\u00e9 sur une photo. Le contrepoint bassin \/ \u00e9paule.<\/li>\r\n<li>Le mannequin sous tous les angles. Comment s\u2019articulent les blocs. Notions de perspectives associ\u00e9es en pratique (membres raccourcis).<\/li>\r\n<li>Suite couleurs et valeurs \u00e0 l\u2019aquarelle.<\/li>\r\n<\/ul>\r\n<h4 class=\"wp-block-heading\">Masterclass Live 4 \u2013 INT\u00c9GRER dans un D\u00c9COR<\/h4>\r\n<ul class=\"wp-block-list\">\r\n<li>Les diff\u00e9rentes compositions classiques.<\/li>\r\n<li>La composition pour raconter une histoire.<\/li>\r\n<li>Simplifier une image.<\/li>\r\n<li>L\u2019int\u00e9gration d\u2019une silhouette simple et d\u2019une figure dans un paysage \/ un d\u00e9cor. Notion de perspective associ\u00e9e : les points de fuite.<\/li>\r\n<li>Faire un fond \u00e0 l\u2019aquarelle.<\/li>\r\n<\/ul>\r\n<h4 class=\"wp-block-heading\">Les 10 d\u00e9mos<\/h4>\r\n<p>Les d\u00e9mos compl\u00e8tent les masterclass. Ce sont des r\u00e9alisations compl\u00e8tes, en temps r\u00e9el que nous n\u2019aurons pas faites en live. Elles sont pens\u00e9es pour te faire r\u00e9viser toutes les notions abord\u00e9es de mani\u00e8re progressive. Elles sont un vrai support d\u2019observation de toutes les techniques d\u2019aquarelle et d\u2019entra\u00eenement. Les d\u00e9mos seront d\u00e9livr\u00e9es de mani\u00e8re continue sur ton compte apprenant entre mars et avril 2026 et seront disponibles \u00e0 vie, comme les fiches p\u00e9dagogiques associ\u00e9es aux masterclass. Il y aura des niveaux tr\u00e8s faciles, moyens et difficiles. Autrement dit, un format in\u00e9dit parfait pour prendre rapidement un maximum de savoirs qui durent toute une vie !<\/p>\r\n<h3>Est ce que ce cours est fait pour toi ?<\/h3>\r\n<p><b>Si les humains t&#8217;inspirent et tu ne te sens pas encore assez assur\u00e9.e pour r\u00e9aliser des aquarelles qui parlent au coeur alors OUI<\/b>, ce cours est <b>fait pour toi<\/b> ! Pendant un mois, je t&#8217;accompagne en direct avec une m\u00e9thode b\u00e9ton et interactive.<\/p>\r\n<h4>Pourquoi ce cours va te plaire ?<\/h4>\r\n<ul>\r\n<li aria-level=\"1\"><b>Accessible \u00e0 tous<\/b>\u00a0: Que tu sois\u00a0<b>d\u00e9butant <\/b>ou amateur ou m\u00eame artiste ferru.e d&#8217;un autre medium, chaque partie de ce programme intensif mais sans pression est faite pour que tu collectes tout ce dont tu as besoin en dessin et \u00e0 l&#8217;aquarelle.<\/li>\r\n<li aria-level=\"1\"><b>Des vid\u00e9os claires et adapt\u00e9es<\/b>\u00a0:\r\n<ul>\r\n<li aria-level=\"2\"><b>Techniques pr\u00e9cises<\/b> : Je compile l&#8217;essentiel des techniques pour progresser point par point. Ce sont les essentiels, tu ne te perds pas dans 20 000 tutos !<\/li>\r\n<li aria-level=\"2\"><b>Application en temps r\u00e9el<\/b> : Des masterclass tr\u00e8s vivantes, des d\u00e9mos avec mes r\u00e9ponses \u00e0 vos questions en direct ET des vid\u00e9os enregistr\u00e9es longues et comment\u00e9es o\u00f9 je dessine puis je peins avec toi pour que tu puisses suivre chaque geste et mettre pause quand tu veux !<\/li>\r\n<li aria-level=\"2\"><b>Qualit\u00e9 professionnelle<\/b> : Les vid\u00e9os d\u00e9mos sont <b>film\u00e9es avec deux cam\u00e9ras en 4K<\/b>, ce qui permet des\u00a0<b>zooms pr\u00e9cis<\/b>\u00a0sur les d\u00e9tails et les gestes techniques. Tu ne perds rien de la r\u00e9alisation.<\/li>\r\n<\/ul>\r\n<\/li>\r\n<li aria-level=\"1\"><b>\u00c0 ton rythme<\/b> : Les masterclass sont pens\u00e9es pour favoriser ta progression dans l\u2019ordre mais tu avances quand tu veux, tu peux revoir les replay selon ton emploi du temps. Il y a un objectif clair pour chaque masterclass et tu peux aussi bien les suivre toutes en direct comme les suivre plus tard et les revoir pendant plusieurs ann\u00e9es. Chacun sa dispo !<\/li>\r\n<\/ul>\r\n<p>L\u2019introduction t\u2019expliquera tout le mat\u00e9riel n\u00e9cessaire pour d\u00e9marrer en toute s\u00e9r\u00e9nit\u00e9. Le cours est r\u00e9alisable avec ton mat\u00e9riel mais je conseille d&#8217;avoir un papier cellulose et un papier coton, je t&#8217;expliquerai les diff\u00e9rences.<\/p>\r\n<h4>Ton parcours de progression<\/h4>\r\n<p>Dans chaque masterclass tu as :<\/p>\r\n<ol>\r\n<li aria-level=\"1\"><b>Plusieurs le\u00e7ons th\u00e9oriques<\/b><\/li>\r\n<li aria-level=\"1\">De la pratique, ensemble, of course<\/li>\r\n<li aria-level=\"1\"><b>La r\u00e9ponse \u00e0 vos questions en direct<\/b><\/li>\r\n<li aria-level=\"1\"><b>Un livret p\u00e9dagogique avec des exercices compl\u00e9mentaires<\/b><\/li>\r\n<\/ol>\r\n<p>\u00c0 la fin de ces 4 sessions (et quelques devoirs \u00e0 la maison ;)), tu seras capable de : <img decoding=\"async\" class=\"emoji\" role=\"img\" draggable=\"false\" src=\"https:\/\/s.w.org\/images\/core\/emoji\/17.0.2\/svg\/2705.svg\" alt=\"&#x2705;\" \/> Dessiner et peindre des silhouettes et des figures en autonomie. <img decoding=\"async\" class=\"emoji\" role=\"img\" draggable=\"false\" src=\"https:\/\/s.w.org\/images\/core\/emoji\/17.0.2\/svg\/2705.svg\" alt=\"&#x2705;\" \/> Comprendre les m\u00e9canismes de narration par l&#8217;image, choisir la meilleure composition. <img decoding=\"async\" class=\"emoji\" role=\"img\" draggable=\"false\" src=\"https:\/\/s.w.org\/images\/core\/emoji\/17.0.2\/svg\/2705.svg\" alt=\"&#x2705;\" \/>\u00a0Prendre confiance et plaisir \u00e0 cr\u00e9er des aquarelles dont tu seras\u00a0<b>fier.e.<\/b><\/p>\r\n<h4>Ce qui rend ce cours unique<\/h4>\r\n<ul>\r\n<li aria-level=\"1\"><b>Une prof passionn\u00e9e et sp\u00e9cialis\u00e9e<\/b> qui a d\u00e9j\u00e0 gagn\u00e9 des concours et autrice du best seller Petit Pr\u00e9cis d&#8217;Aquarelle mais fait du s\u00e9rieux sans se prendre au s\u00e9rieux. Je t\u2019accompagne avec un ton <b>sympathique et enjou\u00e9<\/b>, tout en partageant des contenus<b>\u00a0document\u00e9s<\/b>.<\/li>\r\n<li aria-level=\"1\"><b>Une progression motivante<\/b> qui te permet de regarder les figures sous un nouvel angle et de te challenger <b>sans t\u2019en rendre compte quel que soit ton niveau de d\u00e9part<\/b>.<\/li>\r\n<li aria-level=\"1\"><b>L&#8217;interactivit\u00e9<\/b> : tu verras que tes questions sont souvent celles que tout le monde se pose ! Et je r\u00e9ponds en direct !<\/li>\r\n<\/ul>\r\n<h4>Les petits bonus pour te motiver<\/h4>\r\n<ul>\r\n<li aria-level=\"1\"><b>Un groupe Facebook priv\u00e9<\/b>\u00a0(facultatif si tu n\u2019es pas tr\u00e8s r\u00e9seau) pour partager tes r\u00e9alisations avec d\u2019autres d\u00e9butants dans une ambiance\u00a0<b>bienveillante et motivante<\/b>.<\/li>\r\n<li aria-level=\"1\">Des bonus surprises : comme pour les autres cours, j&#8217;ajoute des vid\u00e9os selon mon inspiration, \u00e7a relance la machine. Parce-que je suis comme \u00e7a moi, g\u00e9n\u00e9reuse !<\/li>\r\n<\/ul>\r\n<h3>Mat\u00e9riel requis : Simple et bien expliqu\u00e9<\/h3>\r\n<p>Pas de prise de t\u00eate ! Dans l\u2019introduction, je te donne une\u00a0<b>liste pr\u00e9cise et d\u00e9taill\u00e9e<\/b>\u00a0du mat\u00e9riel simple, accessible et facile \u00e0 trouver pour te lancer. Tu peux utiliser TON mat\u00e9riel. Si tu souhaites \u00eatre au plus proche du mien, j\u2019utiliserai :<\/p>\r\n<ul>\r\n<li aria-level=\"1\">Un bloc\u00a0<b>24\u00d732 cm<\/b> de papier cellulose (moulin du coq le rouge) ET quelques feuilles ou un bloc de papier coton 300g, grain fin.<\/li>\r\n<li aria-level=\"1\">Une bo\u00eete de tubes d\u2019aquarelles extra fines Winsor et Newton ou Schmincke. J\u2019utilise des tubes mais tu peux utiliser des godets et de l\u2019aquarelle fine, bien s\u00fbr.<\/li>\r\n<li aria-level=\"1\">Au moins deux pinceaux \u00e0 aquarelle : un pinceau \u00e0 lavis moyen et un pinceau tr\u00e8s fin ainsi qu\u2019une petite brosse plate synth\u00e9tique peu ch\u00e8re. Facultatif : un Posca ou marqueur dor\u00e9, un blanc et un feutre noir simple.<\/li>\r\n<\/ul>\r\n<h3>Pr\u00eat.e \u00e0 te lancer ?<\/h3>\r\n<p><b>Imagine toi construire un personnage sans te poser de question, enfin ! Poser les ombres avec les bonnes couleurs, sans stress et tout \u00e7a avec le soutien d\u2019une communaut\u00e9 bienveillante.<\/b> L\u2019aquarelle peut \u00eatre\u00a0<b>accessible, passionnante et raconter des histoires \u00e9mouvantes.<\/b> N&#8217;attends pas d&#8217;\u00eatre 100% pr\u00eat.e, jette toi \u00e0 l&#8217;eau, \u00e7a fait du bien !<\/p>\r\n<p>&nbsp;<\/p>\r\n<p class=\"product woocommerce add_to_cart_inline \" style=\"text-align: center\"><a href=\"\/aquarelle\/wp-json\/wp\/v2\/product\/3524?add-to-cart=3524\" aria-describedby=\"woocommerce_loop_add_to_cart_link_describedby_3524\" data-quantity=\"1\" class=\"button product_type_simple add_to_cart_button ajax_add_to_cart\" data-product_id=\"3524\" data-product_sku=\"\" aria-label=\"Ajouter au panier\u00a0: &ldquo;Bootcamp : figure humaine et silhouette \u00e0 l\u2019aquarelle&rdquo;\" rel=\"nofollow\" data-success_message=\"\u00ab\u00a0Bootcamp : figure humaine et silhouette \u00e0 l\u2019aquarelle\u00a0\u00bb a \u00e9t\u00e9 ajout\u00e9 \u00e0 votre panier\">Ajouter au panier<\/a>\t<span id=\"woocommerce_loop_add_to_cart_link_describedby_3524\" class=\"screen-reader-text\">\n\t\t\t<\/span>\n<\/p>\r\n<p>&nbsp;<\/p>\r\n<p>&nbsp;<\/p>\r\n<ul class=\"wp-block-list\"><\/ul>\r\n<!-- \/wp:post-content -->","protected":false},"excerpt":{"rendered":"<p data-start=\"0\" data-end=\"200\"><strong data-start=\"0\" data-end=\"50\">Les aquarelles qui racontent une histoire sont les plus belles. <\/strong><\/p>\n<p data-start=\"0\" data-end=\"200\"><strong data-start=\"0\" data-end=\"50\">Apprends \u00e0 peindre des gens en un rien de temps avec<\/strong> ce bootcamp immersif, accessible \u00e0 tous les niveaux.<\/p>\n<p data-start=\"0\" data-end=\"200\"><strong>Objectif<\/strong> : savoir dessiner et peindre des figures humaines expressives, pleines de vie et d\u2019\u00e9motion et les int\u00e9grer dans un d\u00e9cor pour raconter une vraie histoire.<\/p>\n<p data-start=\"202\" data-end=\"370\"><strong>Comment<\/strong> : en 4 masterclass live avec la prof d&#8217;aquarelle la plus groovy des r\u00e9seaux + 10 d\u00e9mos en temps r\u00e9el (acc\u00e8s \u00e0 vie), tu ma\u00eetrises pas-\u00e0-pas les bases du dessin du corps humain et son mouvement ainsi que les bases d&#8217;une composition qui a un sens, les techniques indispensables de l\u2019aquarelle avec les exercices parfaits pour contr\u00f4ler l&#8217;eau et t&#8217;exprimer en libert\u00e9.<\/p>\n<p data-start=\"372\" data-end=\"547\" data-is-last-node=\"\" data-is-only-node=\"\">Une m\u00e9thode au carr\u00e9 et bien motivante pour cr\u00e9er des aquarelles sensibles qui racontent une histoire \u2014 et prendre enfin confiance dans ta fa\u00e7on de repr\u00e9senter l\u2019humain.<\/p>\n<p data-start=\"372\" data-end=\"547\" data-is-last-node=\"\" data-is-only-node=\"\">Voir le programme complet et la date des lives (pr\u00e9sence facultative gr\u00e2ce aux replays), dans la description longue ci-dessous, tu m&#8217;en diras des nouvelles !<\/p>\n","protected":false},"featured_media":3534,"comment_status":"open","ping_status":"closed","template":"","meta":[],"product_brand":[],"product_cat":[116],"product_tag":[129],"class_list":{"0":"post-3524","1":"product","2":"type-product","3":"status-publish","4":"has-post-thumbnail","6":"product_cat-cours","7":"product_tag-new","9":"first","10":"instock","11":"featured","12":"virtual","13":"taxable","14":"purchasable","15":"product-type-simple"},"exclude_global_add_ons":[],"addons":[],"yoast_head":"<!-- This site is optimized with the Yoast SEO plugin v27.5 - https:\/\/yoast.com\/product\/yoast-seo-wordpress\/ -->\n<title>Bootcamp : figure humaine et silhouette \u00e0 l\u2019aquarelle - Felicia Watercolor<\/title>\n<meta name=\"description\" content=\"Ce cours est pour ceux qui souhaitent d\u00e9velopper une \u00e9criture personnelle et sensible autour de l\u2019humain gr\u00e2ce \u00e0 l\u2019aquarelle.\" \/>\n<meta name=\"robots\" content=\"index, follow, max-snippet:-1, max-image-preview:large, max-video-preview:-1\" \/>\n<link rel=\"canonical\" href=\"https:\/\/feliciawatercolor.com\/aquarelle\/produit\/bootcamp-figure-humaine-et-silhouette-a-laquarelle\/\" \/>\n<meta property=\"og:locale\" content=\"fr_FR\" \/>\n<meta property=\"og:type\" content=\"article\" \/>\n<meta property=\"og:title\" content=\"Bootcamp : figure humaine et silhouette \u00e0 l\u2019aquarelle - Felicia Watercolor\" \/>\n<meta property=\"og:description\" content=\"Ce cours est pour ceux qui souhaitent d\u00e9velopper une \u00e9criture personnelle et sensible autour de l\u2019humain gr\u00e2ce \u00e0 l\u2019aquarelle.\" \/>\n<meta property=\"og:url\" content=\"https:\/\/feliciawatercolor.com\/aquarelle\/produit\/bootcamp-figure-humaine-et-silhouette-a-laquarelle\/\" \/>\n<meta property=\"og:site_name\" content=\"Felicia Watercolor\" \/>\n<meta property=\"article:modified_time\" content=\"2026-02-27T09:26:20+00:00\" \/>\n<meta property=\"og:image\" content=\"https:\/\/feliciawatercolor.com\/aquarelle\/wp-content\/uploads\/2026\/02\/cours-silhouette-cover-blanc.jpg\" \/>\n\t<meta property=\"og:image:width\" content=\"2016\" \/>\n\t<meta property=\"og:image:height\" content=\"1512\" \/>\n\t<meta property=\"og:image:type\" content=\"image\/jpeg\" \/>\n<meta name=\"twitter:label1\" content=\"Dur\u00e9e de lecture estim\u00e9e\" \/>\n\t<meta name=\"twitter:data1\" content=\"7 minutes\" \/>\n<script type=\"application\/ld+json\" class=\"yoast-schema-graph\">{\"@context\":\"https:\\\/\\\/schema.org\",\"@graph\":[{\"@type\":\"WebPage\",\"@id\":\"https:\\\/\\\/feliciawatercolor.com\\\/aquarelle\\\/produit\\\/bootcamp-figure-humaine-et-silhouette-a-laquarelle\\\/\",\"url\":\"https:\\\/\\\/feliciawatercolor.com\\\/aquarelle\\\/produit\\\/bootcamp-figure-humaine-et-silhouette-a-laquarelle\\\/\",\"name\":\"Bootcamp : figure humaine et silhouette \u00e0 l\u2019aquarelle - Felicia Watercolor\",\"isPartOf\":{\"@id\":\"https:\\\/\\\/feliciawatercolor.com\\\/aquarelle\\\/#website\"},\"primaryImageOfPage\":{\"@id\":\"https:\\\/\\\/feliciawatercolor.com\\\/aquarelle\\\/produit\\\/bootcamp-figure-humaine-et-silhouette-a-laquarelle\\\/#primaryimage\"},\"image\":{\"@id\":\"https:\\\/\\\/feliciawatercolor.com\\\/aquarelle\\\/produit\\\/bootcamp-figure-humaine-et-silhouette-a-laquarelle\\\/#primaryimage\"},\"thumbnailUrl\":\"https:\\\/\\\/feliciawatercolor.com\\\/aquarelle\\\/wp-content\\\/uploads\\\/2026\\\/02\\\/cours-silhouette-cover-blanc.jpg\",\"datePublished\":\"2026-02-23T11:34:42+00:00\",\"dateModified\":\"2026-02-27T09:26:20+00:00\",\"description\":\"Ce cours est pour ceux qui souhaitent d\u00e9velopper une \u00e9criture personnelle et sensible autour de l\u2019humain gr\u00e2ce \u00e0 l\u2019aquarelle.\",\"breadcrumb\":{\"@id\":\"https:\\\/\\\/feliciawatercolor.com\\\/aquarelle\\\/produit\\\/bootcamp-figure-humaine-et-silhouette-a-laquarelle\\\/#breadcrumb\"},\"inLanguage\":\"fr-FR\",\"potentialAction\":[{\"@type\":\"ReadAction\",\"target\":[\"https:\\\/\\\/feliciawatercolor.com\\\/aquarelle\\\/produit\\\/bootcamp-figure-humaine-et-silhouette-a-laquarelle\\\/\"]}]},{\"@type\":\"ImageObject\",\"inLanguage\":\"fr-FR\",\"@id\":\"https:\\\/\\\/feliciawatercolor.com\\\/aquarelle\\\/produit\\\/bootcamp-figure-humaine-et-silhouette-a-laquarelle\\\/#primaryimage\",\"url\":\"https:\\\/\\\/feliciawatercolor.com\\\/aquarelle\\\/wp-content\\\/uploads\\\/2026\\\/02\\\/cours-silhouette-cover-blanc.jpg\",\"contentUrl\":\"https:\\\/\\\/feliciawatercolor.com\\\/aquarelle\\\/wp-content\\\/uploads\\\/2026\\\/02\\\/cours-silhouette-cover-blanc.jpg\",\"width\":2016,\"height\":1512,\"caption\":\"Cours Storytelling\"},{\"@type\":\"BreadcrumbList\",\"@id\":\"https:\\\/\\\/feliciawatercolor.com\\\/aquarelle\\\/produit\\\/bootcamp-figure-humaine-et-silhouette-a-laquarelle\\\/#breadcrumb\",\"itemListElement\":[{\"@type\":\"ListItem\",\"position\":1,\"name\":\"Accueil\",\"item\":\"https:\\\/\\\/feliciawatercolor.com\\\/aquarelle\\\/\"},{\"@type\":\"ListItem\",\"position\":2,\"name\":\"Boutique\",\"item\":\"https:\\\/\\\/feliciawatercolor.com\\\/aquarelle\\\/boutique\\\/\"},{\"@type\":\"ListItem\",\"position\":3,\"name\":\"Bootcamp : figure humaine et silhouette \u00e0 l\u2019aquarelle\"}]},{\"@type\":\"WebSite\",\"@id\":\"https:\\\/\\\/feliciawatercolor.com\\\/aquarelle\\\/#website\",\"url\":\"https:\\\/\\\/feliciawatercolor.com\\\/aquarelle\\\/\",\"name\":\"Felicia Watercolor\",\"description\":\"L&#039;art, version sensible.\",\"publisher\":{\"@id\":\"https:\\\/\\\/feliciawatercolor.com\\\/aquarelle\\\/#organization\"},\"potentialAction\":[{\"@type\":\"SearchAction\",\"target\":{\"@type\":\"EntryPoint\",\"urlTemplate\":\"https:\\\/\\\/feliciawatercolor.com\\\/aquarelle\\\/?s={search_term_string}\"},\"query-input\":{\"@type\":\"PropertyValueSpecification\",\"valueRequired\":true,\"valueName\":\"search_term_string\"}}],\"inLanguage\":\"fr-FR\"},{\"@type\":\"Organization\",\"@id\":\"https:\\\/\\\/feliciawatercolor.com\\\/aquarelle\\\/#organization\",\"name\":\"Felicia Watercolor\",\"url\":\"https:\\\/\\\/feliciawatercolor.com\\\/aquarelle\\\/\",\"logo\":{\"@type\":\"ImageObject\",\"inLanguage\":\"fr-FR\",\"@id\":\"https:\\\/\\\/feliciawatercolor.com\\\/aquarelle\\\/#\\\/schema\\\/logo\\\/image\\\/\",\"url\":\"https:\\\/\\\/feliciawatercolor.com\\\/aquarelle\\\/wp-content\\\/uploads\\\/2023\\\/05\\\/01-Mina-First_thumb.jpg\",\"contentUrl\":\"https:\\\/\\\/feliciawatercolor.com\\\/aquarelle\\\/wp-content\\\/uploads\\\/2023\\\/05\\\/01-Mina-First_thumb.jpg\",\"width\":153,\"height\":200,\"caption\":\"Felicia Watercolor\"},\"image\":{\"@id\":\"https:\\\/\\\/feliciawatercolor.com\\\/aquarelle\\\/#\\\/schema\\\/logo\\\/image\\\/\"},\"sameAs\":[\"https:\\\/\\\/x.com\\\/fwatercolor\",\"https:\\\/\\\/www.instagram.com\\\/felicia.watercolor\",\"https:\\\/\\\/www.pinterest.fr\\\/feelicial\\\/\",\"https:\\\/\\\/www.youtube.com\\\/c\\\/FeliciaWatercolor\"]}]}<\/script>\n<!-- \/ Yoast SEO plugin. -->","yoast_head_json":{"title":"Bootcamp : figure humaine et silhouette \u00e0 l\u2019aquarelle - Felicia Watercolor","description":"Ce cours est pour ceux qui souhaitent d\u00e9velopper une \u00e9criture personnelle et sensible autour de l\u2019humain gr\u00e2ce \u00e0 l\u2019aquarelle.","robots":{"index":"index","follow":"follow","max-snippet":"max-snippet:-1","max-image-preview":"max-image-preview:large","max-video-preview":"max-video-preview:-1"},"canonical":"https:\/\/feliciawatercolor.com\/aquarelle\/produit\/bootcamp-figure-humaine-et-silhouette-a-laquarelle\/","og_locale":"fr_FR","og_type":"article","og_title":"Bootcamp : figure humaine et silhouette \u00e0 l\u2019aquarelle - Felicia Watercolor","og_description":"Ce cours est pour ceux qui souhaitent d\u00e9velopper une \u00e9criture personnelle et sensible autour de l\u2019humain gr\u00e2ce \u00e0 l\u2019aquarelle.","og_url":"https:\/\/feliciawatercolor.com\/aquarelle\/produit\/bootcamp-figure-humaine-et-silhouette-a-laquarelle\/","og_site_name":"Felicia Watercolor","article_modified_time":"2026-02-27T09:26:20+00:00","og_image":[{"width":2016,"height":1512,"url":"https:\/\/feliciawatercolor.com\/aquarelle\/wp-content\/uploads\/2026\/02\/cours-silhouette-cover-blanc.jpg","type":"image\/jpeg"}],"twitter_misc":{"Dur\u00e9e de lecture estim\u00e9e":"7 minutes"},"schema":{"@context":"https:\/\/schema.org","@graph":[{"@type":"WebPage","@id":"https:\/\/feliciawatercolor.com\/aquarelle\/produit\/bootcamp-figure-humaine-et-silhouette-a-laquarelle\/","url":"https:\/\/feliciawatercolor.com\/aquarelle\/produit\/bootcamp-figure-humaine-et-silhouette-a-laquarelle\/","name":"Bootcamp : figure humaine et silhouette \u00e0 l\u2019aquarelle - Felicia Watercolor","isPartOf":{"@id":"https:\/\/feliciawatercolor.com\/aquarelle\/#website"},"primaryImageOfPage":{"@id":"https:\/\/feliciawatercolor.com\/aquarelle\/produit\/bootcamp-figure-humaine-et-silhouette-a-laquarelle\/#primaryimage"},"image":{"@id":"https:\/\/feliciawatercolor.com\/aquarelle\/produit\/bootcamp-figure-humaine-et-silhouette-a-laquarelle\/#primaryimage"},"thumbnailUrl":"https:\/\/feliciawatercolor.com\/aquarelle\/wp-content\/uploads\/2026\/02\/cours-silhouette-cover-blanc.jpg","datePublished":"2026-02-23T11:34:42+00:00","dateModified":"2026-02-27T09:26:20+00:00","description":"Ce cours est pour ceux qui souhaitent d\u00e9velopper une \u00e9criture personnelle et sensible autour de l\u2019humain gr\u00e2ce \u00e0 l\u2019aquarelle.","breadcrumb":{"@id":"https:\/\/feliciawatercolor.com\/aquarelle\/produit\/bootcamp-figure-humaine-et-silhouette-a-laquarelle\/#breadcrumb"},"inLanguage":"fr-FR","potentialAction":[{"@type":"ReadAction","target":["https:\/\/feliciawatercolor.com\/aquarelle\/produit\/bootcamp-figure-humaine-et-silhouette-a-laquarelle\/"]}]},{"@type":"ImageObject","inLanguage":"fr-FR","@id":"https:\/\/feliciawatercolor.com\/aquarelle\/produit\/bootcamp-figure-humaine-et-silhouette-a-laquarelle\/#primaryimage","url":"https:\/\/feliciawatercolor.com\/aquarelle\/wp-content\/uploads\/2026\/02\/cours-silhouette-cover-blanc.jpg","contentUrl":"https:\/\/feliciawatercolor.com\/aquarelle\/wp-content\/uploads\/2026\/02\/cours-silhouette-cover-blanc.jpg","width":2016,"height":1512,"caption":"Cours Storytelling"},{"@type":"BreadcrumbList","@id":"https:\/\/feliciawatercolor.com\/aquarelle\/produit\/bootcamp-figure-humaine-et-silhouette-a-laquarelle\/#breadcrumb","itemListElement":[{"@type":"ListItem","position":1,"name":"Accueil","item":"https:\/\/feliciawatercolor.com\/aquarelle\/"},{"@type":"ListItem","position":2,"name":"Boutique","item":"https:\/\/feliciawatercolor.com\/aquarelle\/boutique\/"},{"@type":"ListItem","position":3,"name":"Bootcamp : figure humaine et silhouette \u00e0 l\u2019aquarelle"}]},{"@type":"WebSite","@id":"https:\/\/feliciawatercolor.com\/aquarelle\/#website","url":"https:\/\/feliciawatercolor.com\/aquarelle\/","name":"Felicia Watercolor","description":"L&#039;art, version sensible.","publisher":{"@id":"https:\/\/feliciawatercolor.com\/aquarelle\/#organization"},"potentialAction":[{"@type":"SearchAction","target":{"@type":"EntryPoint","urlTemplate":"https:\/\/feliciawatercolor.com\/aquarelle\/?s={search_term_string}"},"query-input":{"@type":"PropertyValueSpecification","valueRequired":true,"valueName":"search_term_string"}}],"inLanguage":"fr-FR"},{"@type":"Organization","@id":"https:\/\/feliciawatercolor.com\/aquarelle\/#organization","name":"Felicia Watercolor","url":"https:\/\/feliciawatercolor.com\/aquarelle\/","logo":{"@type":"ImageObject","inLanguage":"fr-FR","@id":"https:\/\/feliciawatercolor.com\/aquarelle\/#\/schema\/logo\/image\/","url":"https:\/\/feliciawatercolor.com\/aquarelle\/wp-content\/uploads\/2023\/05\/01-Mina-First_thumb.jpg","contentUrl":"https:\/\/feliciawatercolor.com\/aquarelle\/wp-content\/uploads\/2023\/05\/01-Mina-First_thumb.jpg","width":153,"height":200,"caption":"Felicia Watercolor"},"image":{"@id":"https:\/\/feliciawatercolor.com\/aquarelle\/#\/schema\/logo\/image\/"},"sameAs":["https:\/\/x.com\/fwatercolor","https:\/\/www.instagram.com\/felicia.watercolor","https:\/\/www.pinterest.fr\/feelicial\/","https:\/\/www.youtube.com\/c\/FeliciaWatercolor"]}]}},"acf":[],"_links":{"self":[{"href":"https:\/\/feliciawatercolor.com\/aquarelle\/wp-json\/wp\/v2\/product\/3524","targetHints":{"allow":["GET"]}}],"collection":[{"href":"https:\/\/feliciawatercolor.com\/aquarelle\/wp-json\/wp\/v2\/product"}],"about":[{"href":"https:\/\/feliciawatercolor.com\/aquarelle\/wp-json\/wp\/v2\/types\/product"}],"replies":[{"embeddable":true,"href":"https:\/\/feliciawatercolor.com\/aquarelle\/wp-json\/wp\/v2\/comments?post=3524"}],"wp:featuredmedia":[{"embeddable":true,"href":"https:\/\/feliciawatercolor.com\/aquarelle\/wp-json\/wp\/v2\/media\/3534"}],"wp:attachment":[{"href":"https:\/\/feliciawatercolor.com\/aquarelle\/wp-json\/wp\/v2\/media?parent=3524"}],"wp:term":[{"taxonomy":"product_brand","embeddable":true,"href":"https:\/\/feliciawatercolor.com\/aquarelle\/wp-json\/wp\/v2\/product_brand?post=3524"},{"taxonomy":"product_cat","embeddable":true,"href":"https:\/\/feliciawatercolor.com\/aquarelle\/wp-json\/wp\/v2\/product_cat?post=3524"},{"taxonomy":"product_tag","embeddable":true,"href":"https:\/\/feliciawatercolor.com\/aquarelle\/wp-json\/wp\/v2\/product_tag?post=3524"}],"curies":[{"name":"wp","href":"https:\/\/api.w.org\/{rel}","templated":true}]}}