{"id":640,"date":"2021-11-12T15:54:52","date_gmt":"2021-11-12T14:54:52","guid":{"rendered":"https:\/\/feliciawatercolor.com\/aquarelle\/?post_type=product&#038;p=640"},"modified":"2026-02-27T10:26:11","modified_gmt":"2026-02-27T09:26:11","slug":"cours-les-bases-de-laquarelle","status":"publish","type":"product","link":"https:\/\/feliciawatercolor.com\/aquarelle\/produit\/cours-les-bases-de-laquarelle\/","title":{"rendered":"L&#8217;aquarelle s&#8217;amuse : les bases"},"content":{"rendered":"<p>On a pas besoin de se prendre au s\u00e9rieux pour faire quelque chose de bien. Mais on a quand m\u00eame besoin de quelques <strong>bases<\/strong> pour faire de l&#8217;aquarelle sans stress.<br \/>\nMais faire et refaire des exercices de base \u00e7a peut \u00eatre dr\u00f4lement r\u00e9barbatif, pouh.<br \/>\nAlors comment concilier apprentissage efficace et p\u00e9dagogie ludique ?<\/p>\n<p>La solution se trouve dans ce cours en deux parties :<\/p>\n<ol>\n<li>Un <b>STARTER KIT<\/b>. Soit l&#8217;essentiel pour ma\u00eetriser l&#8217;aquarelle en <b>11 cours de moins de 30 mn<\/b>, \u00e0 d\u00e9vorer en un week-end ou sur plusieurs semaines.<\/li>\n<li>Un ensemble de <b>ROUTINES<\/b> pour te constituer un programme de fond \u00e0 la carte. Les <b>14 routines<\/b> te permettent de revoir les notions de bases sans t&#8217;ennuyer, avec un sujet diff\u00e9rent et un niveau de complexit\u00e9 progressif.<\/li>\n<\/ol>\n<p>Soit l&#8217;\u00e9quivalent de 6 mois de mes vid\u00e9os Youtube d&#8217;un coup! Mais rien que pour les grands d\u00e9butants qui d\u00e9couvrent l&#8217;aquarelle et les aquarellistes qui veulent retrouver toutes les bases au m\u00eame endroit et avoir des id\u00e9es de sujets \u00e0 peindre (fruits simples, h\u00e9rons, for\u00eat, feuilles, &#8230;).<\/p>\n<h2>D\u00e9roulement<\/h2>\n<p>L&#8217;intro de F\u00e9licia donne le ton, lors d&#8217;une balade en for\u00eat, avec petits oiseaux et bonne humeur. Sa bouille r\u00e9jouie t&#8217;explique ensuite efficacement chaque le\u00e7on puis tu retrouves sa jolie voix qui pla\u00eet tant sur des vid\u00e9os de mise en application qui sont toutes en <b>TEMPS REEL<\/b>.<\/p>\n<p>Au programme du <b>STARTER KIT<\/b> : mat\u00e9riel, nuancier, couleurs et trichromie, geste et pinceau, diff\u00e9rents \u00e9tats de l&#8217;eau, mouill\u00e9 sur sec, goutte en laisse, lavis, d\u00e9grad\u00e9s simple et 2 couleurs et mouill\u00e9 sur mouill\u00e9.<\/p>\n<p>On va vraiment se retirer toute inqui\u00e9tude :<\/p>\n<ol>\n<li>que tu saches dessiner ou pas, des mod\u00e8les t\u00e9l\u00e9chargeables sont disponibles sous la le\u00e7on, pour que tu puisses te concentrer sur l&#8217;aquarelle. F\u00e9licia t&#8217;explique m\u00eame une fa\u00e7on de d\u00e9calquer pas ch\u00e8re et bonne pour le papier aquarelle !<\/li>\n<li>F\u00e9licia n&#8217;utilise qu&#8217;un mat\u00e9riel tr\u00e8s restreint, une seul pinceau, quelques couleurs simples, pas d&#8217;achat \u00e0 pr\u00e9voir !<\/li>\n<li>toutes les le\u00e7ons sont accessibles d&#8217;un coup \u00e0 l&#8217;achat, ici. Il suffira d&#8217;\u00eatre connect\u00e9 \u00e0 ton compte client sur ce site et d&#8217;avoir une connexion internet.<\/li>\n<\/ol>\n<p>Cerise sur le g\u00e2teau : F\u00e9licia surveille vos retours dans les commentaires des le\u00e7ons et adapte le cours au fil de l&#8217;eau (huhu, fil de l&#8217;eau, tu l&#8217;as?). Tu as m\u00eame acc\u00e8s au groupe facebook dans lequel les \u00e9l\u00e8ves qui le souhaitent partagent leurs cr\u00e9ations et se soutiennent mutuellement dans leur progression.<\/p>\n<p>Elle est pas belle la vie ? Ben si \ud83d\ude09<\/p>\n","protected":false},"excerpt":{"rendered":"<p>Tent\u00e9.e par un cours pour d\u00e9couvrir l&#8217;aquarelle efficacement et dans la bonne humeur ? Tu es au bon endroit!<\/p>\n<p>Pas de blabla marketing de 10 pages, un prix transparent, affich\u00e9 imm\u00e9diatement. Des r\u00e9sultats chou et une bonne vibe.<br \/>\nUn aper\u00e7u ? Mes vid\u00e9os gratuites sur Youtube, si tu aimes le style, c&#8217;est pour toi (visibles ici dans l&#8217;onglet Tuto).<\/p>\n<p><b>le Starter Kit<\/b> : l&#8217;essentiel pour maitriser l&#8217;aquarelle en moins de 5h de vid\u00e9o.<br \/>\n<b>+ les <\/b><b>Routines<\/b> : 14 sujets en temps r\u00e9el, en 6 h env.<\/p>\n<p>= Soit 11 heures de vid\u00e9os accessibles d&#8217;un coup sur ce site, d\u00e8s l&#8217;achat.<\/p>\n<p>Des mises \u00e0 jour et vid\u00e9os bonus au cours de l&#8217;ann\u00e9e.<br \/>\nUn acc\u00e8s pr\u00e9f\u00e9rentiel \u00e0 mes futurs stages en pr\u00e9sentiel.<\/p>\n","protected":false},"featured_media":880,"comment_status":"open","ping_status":"closed","template":"","meta":[],"product_brand":[],"product_cat":[116],"product_tag":[],"class_list":{"0":"post-640","1":"product","2":"type-product","3":"status-publish","4":"has-post-thumbnail","6":"product_cat-cours","8":"first","9":"instock","10":"sale","11":"virtual","12":"taxable","13":"purchasable","14":"product-type-simple"},"exclude_global_add_ons":[],"addons":[],"yoast_head":"<!-- This site is optimized with the Yoast SEO plugin v27.5 - https:\/\/yoast.com\/product\/yoast-seo-wordpress\/ -->\n<title>L&#039;aquarelle s&#039;amuse : les bases - Felicia Watercolor<\/title>\n<meta name=\"robots\" content=\"index, follow, max-snippet:-1, max-image-preview:large, max-video-preview:-1\" \/>\n<link rel=\"canonical\" href=\"https:\/\/feliciawatercolor.com\/aquarelle\/produit\/cours-les-bases-de-laquarelle\/\" \/>\n<meta property=\"og:locale\" content=\"fr_FR\" \/>\n<meta property=\"og:type\" content=\"article\" \/>\n<meta property=\"og:title\" content=\"L&#039;aquarelle s&#039;amuse : les bases - Felicia Watercolor\" \/>\n<meta property=\"og:description\" content=\"Tent\u00e9.e par un cours pour d\u00e9couvrir l&#039;aquarelle efficacement et dans la bonne humeur ? Tu es au bon endroit!  Pas de blabla marketing de 10 pages, un prix transparent, affich\u00e9 imm\u00e9diatement. Des r\u00e9sultats chou et une bonne vibe. Un aper\u00e7u ? Mes vid\u00e9os gratuites sur Youtube, si tu aimes le style, c&#039;est pour toi (visibles ici dans l&#039;onglet Tuto).  le Starter Kit : l&#039;essentiel pour maitriser l&#039;aquarelle en moins de 5h de vid\u00e9o. + les Routines : 14 sujets en temps r\u00e9el, en 6 h env.  = Soit 11 heures de vid\u00e9os accessibles d&#039;un coup sur ce site, d\u00e8s l&#039;achat.  Des mises \u00e0 jour et vid\u00e9os bonus au cours de l&#039;ann\u00e9e. Un acc\u00e8s pr\u00e9f\u00e9rentiel \u00e0 mes futurs stages en pr\u00e9sentiel.\" \/>\n<meta property=\"og:url\" content=\"https:\/\/feliciawatercolor.com\/aquarelle\/produit\/cours-les-bases-de-laquarelle\/\" \/>\n<meta property=\"og:site_name\" content=\"Felicia Watercolor\" \/>\n<meta property=\"article:modified_time\" content=\"2026-02-27T09:26:11+00:00\" \/>\n<meta property=\"og:image\" content=\"https:\/\/feliciawatercolor.com\/aquarelle\/wp-content\/uploads\/2021\/11\/nuancier.jpg\" \/>\n\t<meta property=\"og:image:width\" content=\"1920\" \/>\n\t<meta property=\"og:image:height\" content=\"1080\" \/>\n\t<meta property=\"og:image:type\" content=\"image\/jpeg\" \/>\n<meta name=\"twitter:label1\" content=\"Dur\u00e9e de lecture estim\u00e9e\" \/>\n\t<meta name=\"twitter:data1\" content=\"3 minutes\" \/>\n<script type=\"application\/ld+json\" class=\"yoast-schema-graph\">{\"@context\":\"https:\\\/\\\/schema.org\",\"@graph\":[{\"@type\":\"WebPage\",\"@id\":\"https:\\\/\\\/feliciawatercolor.com\\\/aquarelle\\\/produit\\\/cours-les-bases-de-laquarelle\\\/\",\"url\":\"https:\\\/\\\/feliciawatercolor.com\\\/aquarelle\\\/produit\\\/cours-les-bases-de-laquarelle\\\/\",\"name\":\"L'aquarelle s'amuse : les bases - Felicia Watercolor\",\"isPartOf\":{\"@id\":\"https:\\\/\\\/feliciawatercolor.com\\\/aquarelle\\\/#website\"},\"primaryImageOfPage\":{\"@id\":\"https:\\\/\\\/feliciawatercolor.com\\\/aquarelle\\\/produit\\\/cours-les-bases-de-laquarelle\\\/#primaryimage\"},\"image\":{\"@id\":\"https:\\\/\\\/feliciawatercolor.com\\\/aquarelle\\\/produit\\\/cours-les-bases-de-laquarelle\\\/#primaryimage\"},\"thumbnailUrl\":\"https:\\\/\\\/feliciawatercolor.com\\\/aquarelle\\\/wp-content\\\/uploads\\\/2021\\\/11\\\/nuancier.jpg\",\"datePublished\":\"2021-11-12T14:54:52+00:00\",\"dateModified\":\"2026-02-27T09:26:11+00:00\",\"breadcrumb\":{\"@id\":\"https:\\\/\\\/feliciawatercolor.com\\\/aquarelle\\\/produit\\\/cours-les-bases-de-laquarelle\\\/#breadcrumb\"},\"inLanguage\":\"fr-FR\",\"potentialAction\":[{\"@type\":\"ReadAction\",\"target\":[\"https:\\\/\\\/feliciawatercolor.com\\\/aquarelle\\\/produit\\\/cours-les-bases-de-laquarelle\\\/\"]}]},{\"@type\":\"ImageObject\",\"inLanguage\":\"fr-FR\",\"@id\":\"https:\\\/\\\/feliciawatercolor.com\\\/aquarelle\\\/produit\\\/cours-les-bases-de-laquarelle\\\/#primaryimage\",\"url\":\"https:\\\/\\\/feliciawatercolor.com\\\/aquarelle\\\/wp-content\\\/uploads\\\/2021\\\/11\\\/nuancier.jpg\",\"contentUrl\":\"https:\\\/\\\/feliciawatercolor.com\\\/aquarelle\\\/wp-content\\\/uploads\\\/2021\\\/11\\\/nuancier.jpg\",\"width\":1920,\"height\":1080,\"caption\":\"Chaque cours a son introduction, pour avoir l'essentiel en quelques minutes, avant de rentrer dans le cours d\u00e9taill\u00e9 et le d\u00e9mo pour mettre en pratique.\"},{\"@type\":\"BreadcrumbList\",\"@id\":\"https:\\\/\\\/feliciawatercolor.com\\\/aquarelle\\\/produit\\\/cours-les-bases-de-laquarelle\\\/#breadcrumb\",\"itemListElement\":[{\"@type\":\"ListItem\",\"position\":1,\"name\":\"Accueil\",\"item\":\"https:\\\/\\\/feliciawatercolor.com\\\/aquarelle\\\/\"},{\"@type\":\"ListItem\",\"position\":2,\"name\":\"Boutique\",\"item\":\"https:\\\/\\\/feliciawatercolor.com\\\/aquarelle\\\/boutique\\\/\"},{\"@type\":\"ListItem\",\"position\":3,\"name\":\"L&rsquo;aquarelle s&rsquo;amuse : les bases\"}]},{\"@type\":\"WebSite\",\"@id\":\"https:\\\/\\\/feliciawatercolor.com\\\/aquarelle\\\/#website\",\"url\":\"https:\\\/\\\/feliciawatercolor.com\\\/aquarelle\\\/\",\"name\":\"Felicia Watercolor\",\"description\":\"L&#039;art, version sensible.\",\"publisher\":{\"@id\":\"https:\\\/\\\/feliciawatercolor.com\\\/aquarelle\\\/#organization\"},\"potentialAction\":[{\"@type\":\"SearchAction\",\"target\":{\"@type\":\"EntryPoint\",\"urlTemplate\":\"https:\\\/\\\/feliciawatercolor.com\\\/aquarelle\\\/?s={search_term_string}\"},\"query-input\":{\"@type\":\"PropertyValueSpecification\",\"valueRequired\":true,\"valueName\":\"search_term_string\"}}],\"inLanguage\":\"fr-FR\"},{\"@type\":\"Organization\",\"@id\":\"https:\\\/\\\/feliciawatercolor.com\\\/aquarelle\\\/#organization\",\"name\":\"Felicia Watercolor\",\"url\":\"https:\\\/\\\/feliciawatercolor.com\\\/aquarelle\\\/\",\"logo\":{\"@type\":\"ImageObject\",\"inLanguage\":\"fr-FR\",\"@id\":\"https:\\\/\\\/feliciawatercolor.com\\\/aquarelle\\\/#\\\/schema\\\/logo\\\/image\\\/\",\"url\":\"https:\\\/\\\/feliciawatercolor.com\\\/aquarelle\\\/wp-content\\\/uploads\\\/2023\\\/05\\\/01-Mina-First_thumb.jpg\",\"contentUrl\":\"https:\\\/\\\/feliciawatercolor.com\\\/aquarelle\\\/wp-content\\\/uploads\\\/2023\\\/05\\\/01-Mina-First_thumb.jpg\",\"width\":153,\"height\":200,\"caption\":\"Felicia Watercolor\"},\"image\":{\"@id\":\"https:\\\/\\\/feliciawatercolor.com\\\/aquarelle\\\/#\\\/schema\\\/logo\\\/image\\\/\"},\"sameAs\":[\"https:\\\/\\\/x.com\\\/fwatercolor\",\"https:\\\/\\\/www.instagram.com\\\/felicia.watercolor\",\"https:\\\/\\\/www.pinterest.fr\\\/feelicial\\\/\",\"https:\\\/\\\/www.youtube.com\\\/c\\\/FeliciaWatercolor\"]}]}<\/script>\n<!-- \/ Yoast SEO plugin. -->","yoast_head_json":{"title":"L'aquarelle s'amuse : les bases - Felicia Watercolor","robots":{"index":"index","follow":"follow","max-snippet":"max-snippet:-1","max-image-preview":"max-image-preview:large","max-video-preview":"max-video-preview:-1"},"canonical":"https:\/\/feliciawatercolor.com\/aquarelle\/produit\/cours-les-bases-de-laquarelle\/","og_locale":"fr_FR","og_type":"article","og_title":"L'aquarelle s'amuse : les bases - Felicia Watercolor","og_description":"Tent\u00e9.e par un cours pour d\u00e9couvrir l'aquarelle efficacement et dans la bonne humeur ? Tu es au bon endroit!  Pas de blabla marketing de 10 pages, un prix transparent, affich\u00e9 imm\u00e9diatement. Des r\u00e9sultats chou et une bonne vibe. Un aper\u00e7u ? Mes vid\u00e9os gratuites sur Youtube, si tu aimes le style, c'est pour toi (visibles ici dans l'onglet Tuto).  le Starter Kit : l'essentiel pour maitriser l'aquarelle en moins de 5h de vid\u00e9o. + les Routines : 14 sujets en temps r\u00e9el, en 6 h env.  = Soit 11 heures de vid\u00e9os accessibles d'un coup sur ce site, d\u00e8s l'achat.  Des mises \u00e0 jour et vid\u00e9os bonus au cours de l'ann\u00e9e. Un acc\u00e8s pr\u00e9f\u00e9rentiel \u00e0 mes futurs stages en pr\u00e9sentiel.","og_url":"https:\/\/feliciawatercolor.com\/aquarelle\/produit\/cours-les-bases-de-laquarelle\/","og_site_name":"Felicia Watercolor","article_modified_time":"2026-02-27T09:26:11+00:00","og_image":[{"width":1920,"height":1080,"url":"https:\/\/feliciawatercolor.com\/aquarelle\/wp-content\/uploads\/2021\/11\/nuancier.jpg","type":"image\/jpeg"}],"twitter_misc":{"Dur\u00e9e de lecture estim\u00e9e":"3 minutes"},"schema":{"@context":"https:\/\/schema.org","@graph":[{"@type":"WebPage","@id":"https:\/\/feliciawatercolor.com\/aquarelle\/produit\/cours-les-bases-de-laquarelle\/","url":"https:\/\/feliciawatercolor.com\/aquarelle\/produit\/cours-les-bases-de-laquarelle\/","name":"L'aquarelle s'amuse : les bases - Felicia Watercolor","isPartOf":{"@id":"https:\/\/feliciawatercolor.com\/aquarelle\/#website"},"primaryImageOfPage":{"@id":"https:\/\/feliciawatercolor.com\/aquarelle\/produit\/cours-les-bases-de-laquarelle\/#primaryimage"},"image":{"@id":"https:\/\/feliciawatercolor.com\/aquarelle\/produit\/cours-les-bases-de-laquarelle\/#primaryimage"},"thumbnailUrl":"https:\/\/feliciawatercolor.com\/aquarelle\/wp-content\/uploads\/2021\/11\/nuancier.jpg","datePublished":"2021-11-12T14:54:52+00:00","dateModified":"2026-02-27T09:26:11+00:00","breadcrumb":{"@id":"https:\/\/feliciawatercolor.com\/aquarelle\/produit\/cours-les-bases-de-laquarelle\/#breadcrumb"},"inLanguage":"fr-FR","potentialAction":[{"@type":"ReadAction","target":["https:\/\/feliciawatercolor.com\/aquarelle\/produit\/cours-les-bases-de-laquarelle\/"]}]},{"@type":"ImageObject","inLanguage":"fr-FR","@id":"https:\/\/feliciawatercolor.com\/aquarelle\/produit\/cours-les-bases-de-laquarelle\/#primaryimage","url":"https:\/\/feliciawatercolor.com\/aquarelle\/wp-content\/uploads\/2021\/11\/nuancier.jpg","contentUrl":"https:\/\/feliciawatercolor.com\/aquarelle\/wp-content\/uploads\/2021\/11\/nuancier.jpg","width":1920,"height":1080,"caption":"Chaque cours a son introduction, pour avoir l'essentiel en quelques minutes, avant de rentrer dans le cours d\u00e9taill\u00e9 et le d\u00e9mo pour mettre en pratique."},{"@type":"BreadcrumbList","@id":"https:\/\/feliciawatercolor.com\/aquarelle\/produit\/cours-les-bases-de-laquarelle\/#breadcrumb","itemListElement":[{"@type":"ListItem","position":1,"name":"Accueil","item":"https:\/\/feliciawatercolor.com\/aquarelle\/"},{"@type":"ListItem","position":2,"name":"Boutique","item":"https:\/\/feliciawatercolor.com\/aquarelle\/boutique\/"},{"@type":"ListItem","position":3,"name":"L&rsquo;aquarelle s&rsquo;amuse : les bases"}]},{"@type":"WebSite","@id":"https:\/\/feliciawatercolor.com\/aquarelle\/#website","url":"https:\/\/feliciawatercolor.com\/aquarelle\/","name":"Felicia Watercolor","description":"L&#039;art, version sensible.","publisher":{"@id":"https:\/\/feliciawatercolor.com\/aquarelle\/#organization"},"potentialAction":[{"@type":"SearchAction","target":{"@type":"EntryPoint","urlTemplate":"https:\/\/feliciawatercolor.com\/aquarelle\/?s={search_term_string}"},"query-input":{"@type":"PropertyValueSpecification","valueRequired":true,"valueName":"search_term_string"}}],"inLanguage":"fr-FR"},{"@type":"Organization","@id":"https:\/\/feliciawatercolor.com\/aquarelle\/#organization","name":"Felicia Watercolor","url":"https:\/\/feliciawatercolor.com\/aquarelle\/","logo":{"@type":"ImageObject","inLanguage":"fr-FR","@id":"https:\/\/feliciawatercolor.com\/aquarelle\/#\/schema\/logo\/image\/","url":"https:\/\/feliciawatercolor.com\/aquarelle\/wp-content\/uploads\/2023\/05\/01-Mina-First_thumb.jpg","contentUrl":"https:\/\/feliciawatercolor.com\/aquarelle\/wp-content\/uploads\/2023\/05\/01-Mina-First_thumb.jpg","width":153,"height":200,"caption":"Felicia Watercolor"},"image":{"@id":"https:\/\/feliciawatercolor.com\/aquarelle\/#\/schema\/logo\/image\/"},"sameAs":["https:\/\/x.com\/fwatercolor","https:\/\/www.instagram.com\/felicia.watercolor","https:\/\/www.pinterest.fr\/feelicial\/","https:\/\/www.youtube.com\/c\/FeliciaWatercolor"]}]}},"acf":[],"_links":{"self":[{"href":"https:\/\/feliciawatercolor.com\/aquarelle\/wp-json\/wp\/v2\/product\/640","targetHints":{"allow":["GET"]}}],"collection":[{"href":"https:\/\/feliciawatercolor.com\/aquarelle\/wp-json\/wp\/v2\/product"}],"about":[{"href":"https:\/\/feliciawatercolor.com\/aquarelle\/wp-json\/wp\/v2\/types\/product"}],"replies":[{"embeddable":true,"href":"https:\/\/feliciawatercolor.com\/aquarelle\/wp-json\/wp\/v2\/comments?post=640"}],"wp:featuredmedia":[{"embeddable":true,"href":"https:\/\/feliciawatercolor.com\/aquarelle\/wp-json\/wp\/v2\/media\/880"}],"wp:attachment":[{"href":"https:\/\/feliciawatercolor.com\/aquarelle\/wp-json\/wp\/v2\/media?parent=640"}],"wp:term":[{"taxonomy":"product_brand","embeddable":true,"href":"https:\/\/feliciawatercolor.com\/aquarelle\/wp-json\/wp\/v2\/product_brand?post=640"},{"taxonomy":"product_cat","embeddable":true,"href":"https:\/\/feliciawatercolor.com\/aquarelle\/wp-json\/wp\/v2\/product_cat?post=640"},{"taxonomy":"product_tag","embeddable":true,"href":"https:\/\/feliciawatercolor.com\/aquarelle\/wp-json\/wp\/v2\/product_tag?post=640"}],"curies":[{"name":"wp","href":"https:\/\/api.w.org\/{rel}","templated":true}]}}